{"id":9530,"date":"2025-10-14T22:02:27","date_gmt":"2025-10-14T13:02:27","guid":{"rendered":"https:\/\/asiaglobal.kr\/?page_id=9530"},"modified":"2025-10-15T19:58:34","modified_gmt":"2025-10-15T10:58:34","slug":"%ea%b0%81%ec%a2%85-%eb%b9%84%ec%9e%90-d-4-vi","status":"publish","type":"page","link":"https:\/\/asiaglobal.kr\/?page_id=9530&lang=vi","title":{"rendered":"\uac01\uc885 \ube44\uc790 D-4 Vi"},"content":{"rendered":"\t\t<div data-elementor-type=\"wp-page\" data-elementor-id=\"9530\" class=\"elementor elementor-9530\" data-elementor-post-type=\"page\">\n\t\t\t\t\t\t<section class=\"elementor-section elementor-top-section elementor-element elementor-element-8ea3d53 elementor-section-full_width elementor-section-height-min-height elementor-section-content-middle animated-slow elementor-section-height-default elementor-section-items-middle elementor-invisible\" data-id=\"8ea3d53\" data-element_type=\"section\" data-settings=\"{&quot;background_background&quot;:&quot;classic&quot;,&quot;motion_fx_motion_fx_scrolling&quot;:&quot;yes&quot;,&quot;animation&quot;:&quot;fadeIn&quot;,&quot;motion_fx_devices&quot;:[&quot;desktop&quot;,&quot;tablet&quot;,&quot;mobile&quot;]}\">\n\t\t\t\t\t\t\t<div class=\"elementor-background-overlay\"><\/div>\n\t\t\t\t\t\t\t<div class=\"elementor-container elementor-column-gap-no\">\n\t\t\t\t\t<div class=\"elementor-column elementor-col-100 elementor-top-column elementor-element elementor-element-4a9a3bf\" data-id=\"4a9a3bf\" data-element_type=\"column\">\n\t\t\t<div class=\"elementor-widget-wrap elementor-element-populated\">\n\t\t\t\t\t\t<div class=\"elementor-element elementor-element-c56aff0 animated-slow elementor-invisible elementor-widget elementor-widget-heading\" data-id=\"c56aff0\" data-element_type=\"widget\" data-settings=\"{&quot;_animation&quot;:&quot;fadeInUp&quot;}\" data-widget_type=\"heading.default\">\n\t\t\t\t<div class=\"elementor-widget-container\">\n\t\t\t\t\t<h1 class=\"elementor-heading-title elementor-size-default\">C\u00f4ng vi\u1ec7c<\/h1>\t\t\t\t<\/div>\n\t\t\t\t<\/div>\n\t\t\t\t<div class=\"elementor-element elementor-element-80af989 animated-slow elementor-invisible elementor-widget elementor-widget-text-editor\" data-id=\"80af989\" data-element_type=\"widget\" data-settings=\"{&quot;_animation&quot;:&quot;fadeInUp&quot;,&quot;_animation_delay&quot;:400}\" data-widget_type=\"text-editor.default\">\n\t\t\t\t<div class=\"elementor-widget-container\">\n\t\t\t\t\t\t\t\t\t<p>Chia s\u1ebb s\u1ef1 ch\u00e2n th\u00e0nh v\u1edbi kh\u00e1ch h\u00e0ng v\u00e0 x\u00e2y d\u1ef1ng ni\u1ec1m tin.<\/p>\t\t\t\t\t\t\t\t<\/div>\n\t\t\t\t<\/div>\n\t\t\t\t\t<\/div>\n\t\t<\/div>\n\t\t\t\t\t<\/div>\n\t\t<\/section>\n\t\t\t\t<section class=\"elementor-section elementor-top-section elementor-element elementor-element-22ed538 elementor-section-full_width elementor-section-height-default elementor-section-height-default\" data-id=\"22ed538\" data-element_type=\"section\">\n\t\t\t\t\t\t<div class=\"elementor-container elementor-column-gap-default\">\n\t\t\t\t\t<div class=\"elementor-column elementor-col-100 elementor-top-column elementor-element elementor-element-4e59735\" data-id=\"4e59735\" data-element_type=\"column\" data-settings=\"{&quot;motion_fx_motion_fx_scrolling&quot;:&quot;yes&quot;,&quot;motion_fx_devices&quot;:[&quot;desktop&quot;,&quot;tablet&quot;,&quot;mobile&quot;]}\">\n\t\t\t<div class=\"elementor-widget-wrap elementor-element-populated\">\n\t\t\t\t\t\t<div class=\"elementor-element elementor-element-ec0c9e3 elementor-nav-menu__align-center elementor-nav-menu--dropdown-none elementor-widget elementor-widget-nav-menu\" data-id=\"ec0c9e3\" data-element_type=\"widget\" data-settings=\"{&quot;submenu_icon&quot;:{&quot;value&quot;:&quot;&lt;i class=\\&quot;fas fa-chevron-down\\&quot;&gt;&lt;\\\/i&gt;&quot;,&quot;library&quot;:&quot;fa-solid&quot;},&quot;_animation&quot;:&quot;none&quot;,&quot;layout&quot;:&quot;horizontal&quot;}\" data-widget_type=\"nav-menu.default\">\n\t\t\t\t<div class=\"elementor-widget-container\">\n\t\t\t\t\t\t\t\t<nav aria-label=\"Menu\" class=\"elementor-nav-menu--main elementor-nav-menu__container elementor-nav-menu--layout-horizontal e--pointer-underline e--animation-none\">\n\t\t\t\t<ul id=\"menu-1-ec0c9e3\" class=\"elementor-nav-menu\"><li class=\"menu-item menu-item-type-post_type menu-item-object-page menu-item-9649\"><a href=\"https:\/\/asiaglobal.kr\/?page_id=9514&#038;lang=vi\" class=\"elementor-item menu-link\">D\u1ecbch thu\u1eadt<\/a><\/li>\n<li class=\"menu-item menu-item-type-post_type menu-item-object-page menu-item-9650\"><a href=\"https:\/\/asiaglobal.kr\/?page_id=9516&#038;lang=vi\" class=\"elementor-item menu-link\">visa<\/a><\/li>\n<li class=\"menu-item menu-item-type-post_type menu-item-object-page menu-item-9651\"><a href=\"https:\/\/asiaglobal.kr\/?page_id=9599&#038;lang=vi\" class=\"elementor-item menu-link\">Du h\u1ecdc<\/a><\/li>\n<li class=\"menu-item menu-item-type-post_type menu-item-object-page menu-item-9652\"><a href=\"https:\/\/asiaglobal.kr\/?page_id=9592&#038;lang=vi\" class=\"elementor-item menu-link\">H\u00f4n nh\u00e2n qu\u1ed1c t\u1ebf<\/a><\/li>\n<li class=\"menu-item menu-item-type-post_type menu-item-object-page menu-item-9653\"><a href=\"https:\/\/asiaglobal.kr\/?page_id=9564&#038;lang=vi\" class=\"elementor-item menu-link\">Lao \u0111\u1ed9ng th\u1eddi v\u1ee5<\/a><\/li>\n<li class=\"menu-item menu-item-type-post_type menu-item-object-page menu-item-9654\"><a href=\"https:\/\/asiaglobal.kr\/?page_id=9604&#038;lang=vi\" class=\"elementor-item menu-link\">Gi\u1edbi thi\u1ec7u vi\u1ec7c l\u00e0m<\/a><\/li>\n<li class=\"menu-item menu-item-type-post_type menu-item-object-page menu-item-9655\"><a href=\"https:\/\/asiaglobal.kr\/?page_id=9605&#038;lang=vi\" class=\"elementor-item menu-link\">Ti\u1ec1n l\u01b0\u01a1ng ch\u01b0a thanh to\u00e1n<\/a><\/li>\n<\/ul>\t\t\t<\/nav>\n\t\t\t\t\t\t<nav class=\"elementor-nav-menu--dropdown elementor-nav-menu__container\" aria-hidden=\"true\">\n\t\t\t\t<ul id=\"menu-2-ec0c9e3\" class=\"elementor-nav-menu\"><li class=\"menu-item menu-item-type-post_type menu-item-object-page menu-item-9649\"><a href=\"https:\/\/asiaglobal.kr\/?page_id=9514&#038;lang=vi\" class=\"elementor-item menu-link\" tabindex=\"-1\">D\u1ecbch thu\u1eadt<\/a><\/li>\n<li class=\"menu-item menu-item-type-post_type menu-item-object-page menu-item-9650\"><a href=\"https:\/\/asiaglobal.kr\/?page_id=9516&#038;lang=vi\" class=\"elementor-item menu-link\" tabindex=\"-1\">visa<\/a><\/li>\n<li class=\"menu-item menu-item-type-post_type menu-item-object-page menu-item-9651\"><a href=\"https:\/\/asiaglobal.kr\/?page_id=9599&#038;lang=vi\" class=\"elementor-item menu-link\" tabindex=\"-1\">Du h\u1ecdc<\/a><\/li>\n<li class=\"menu-item menu-item-type-post_type menu-item-object-page menu-item-9652\"><a href=\"https:\/\/asiaglobal.kr\/?page_id=9592&#038;lang=vi\" class=\"elementor-item menu-link\" tabindex=\"-1\">H\u00f4n nh\u00e2n qu\u1ed1c t\u1ebf<\/a><\/li>\n<li class=\"menu-item menu-item-type-post_type menu-item-object-page menu-item-9653\"><a href=\"https:\/\/asiaglobal.kr\/?page_id=9564&#038;lang=vi\" class=\"elementor-item menu-link\" tabindex=\"-1\">Lao \u0111\u1ed9ng th\u1eddi v\u1ee5<\/a><\/li>\n<li class=\"menu-item menu-item-type-post_type menu-item-object-page menu-item-9654\"><a href=\"https:\/\/asiaglobal.kr\/?page_id=9604&#038;lang=vi\" class=\"elementor-item menu-link\" tabindex=\"-1\">Gi\u1edbi thi\u1ec7u vi\u1ec7c l\u00e0m<\/a><\/li>\n<li class=\"menu-item menu-item-type-post_type menu-item-object-page menu-item-9655\"><a href=\"https:\/\/asiaglobal.kr\/?page_id=9605&#038;lang=vi\" class=\"elementor-item menu-link\" tabindex=\"-1\">Ti\u1ec1n l\u01b0\u01a1ng ch\u01b0a thanh to\u00e1n<\/a><\/li>\n<\/ul>\t\t\t<\/nav>\n\t\t\t\t\t\t<\/div>\n\t\t\t\t<\/div>\n\t\t\t\t\t<\/div>\n\t\t<\/div>\n\t\t\t\t\t<\/div>\n\t\t<\/section>\n\t\t\t\t<section class=\"elementor-section elementor-top-section elementor-element elementor-element-38be864 elementor-section-boxed elementor-section-height-default elementor-section-height-default\" data-id=\"38be864\" data-element_type=\"section\">\n\t\t\t\t\t\t<div class=\"elementor-container elementor-column-gap-default\">\n\t\t\t\t\t<div class=\"elementor-column elementor-col-100 elementor-top-column elementor-element elementor-element-41862cd\" data-id=\"41862cd\" data-element_type=\"column\">\n\t\t\t<div class=\"elementor-widget-wrap elementor-element-populated\">\n\t\t\t\t\t\t<div class=\"elementor-element elementor-element-e8f5648 elementor-widget elementor-widget-image\" data-id=\"e8f5648\" data-element_type=\"widget\" data-widget_type=\"image.default\">\n\t\t\t\t<div class=\"elementor-widget-container\">\n\t\t\t\t\t\t\t\t\t\t\t\t\t\t\t<img fetchpriority=\"high\" decoding=\"async\" width=\"1920\" height=\"400\" src=\"https:\/\/asiaglobal.kr\/wp-content\/uploads\/2025\/10\/D-4-Vi.jpg\" class=\"attachment-full size-full wp-image-9927\" alt=\"\" srcset=\"https:\/\/asiaglobal.kr\/wp-content\/uploads\/2025\/10\/D-4-Vi.jpg 1920w, https:\/\/asiaglobal.kr\/wp-content\/uploads\/2025\/10\/D-4-Vi-300x63.jpg 300w, https:\/\/asiaglobal.kr\/wp-content\/uploads\/2025\/10\/D-4-Vi-1024x213.jpg 1024w, https:\/\/asiaglobal.kr\/wp-content\/uploads\/2025\/10\/D-4-Vi-768x160.jpg 768w, https:\/\/asiaglobal.kr\/wp-content\/uploads\/2025\/10\/D-4-Vi-1536x320.jpg 1536w\" sizes=\"(max-width: 1920px) 100vw, 1920px\" \/>\t\t\t\t\t\t\t\t\t\t\t\t\t\t\t<\/div>\n\t\t\t\t<\/div>\n\t\t\t\t\t<\/div>\n\t\t<\/div>\n\t\t\t\t\t<\/div>\n\t\t<\/section>\n\t\t\t\t<section class=\"elementor-section elementor-top-section elementor-element elementor-element-1a0df10 elementor-section-boxed elementor-section-height-default elementor-section-height-default\" data-id=\"1a0df10\" data-element_type=\"section\">\n\t\t\t\t\t\t<div class=\"elementor-container elementor-column-gap-default\">\n\t\t\t\t\t<div class=\"elementor-column elementor-col-100 elementor-top-column elementor-element elementor-element-7938355\" data-id=\"7938355\" data-element_type=\"column\">\n\t\t\t<div class=\"elementor-widget-wrap elementor-element-populated\">\n\t\t\t\t\t\t<div class=\"elementor-element elementor-element-bc8f574 text00 elementor-widget elementor-widget-heading\" data-id=\"bc8f574\" data-element_type=\"widget\" data-widget_type=\"heading.default\">\n\t\t\t\t<div class=\"elementor-widget-container\">\n\t\t\t\t\t<h1 class=\"elementor-heading-title elementor-size-medium\">D-4 (\u0110\u00e0o t\u1ea1o chung)<\/h1>\t\t\t\t<\/div>\n\t\t\t\t<\/div>\n\t\t\t\t\t<\/div>\n\t\t<\/div>\n\t\t\t\t\t<\/div>\n\t\t<\/section>\n\t\t\t\t<section class=\"elementor-section elementor-top-section elementor-element elementor-element-31c2861 elementor-section-boxed elementor-section-height-default elementor-section-height-default\" data-id=\"31c2861\" data-element_type=\"section\">\n\t\t\t\t\t\t<div class=\"elementor-container elementor-column-gap-default\">\n\t\t\t\t\t<div class=\"elementor-column elementor-col-100 elementor-top-column elementor-element elementor-element-bc6dfac\" data-id=\"bc6dfac\" data-element_type=\"column\">\n\t\t\t<div class=\"elementor-widget-wrap elementor-element-populated\">\n\t\t\t\t\t\t<div class=\"elementor-element elementor-element-a524049 elementor-widget elementor-widget-text-editor\" data-id=\"a524049\" data-element_type=\"widget\" data-widget_type=\"text-editor.default\">\n\t\t\t\t<div class=\"elementor-widget-container\">\n\t\t\t\t\t\t\t\t\t<ul><li>Visa D-4 \u0111\u01b0\u1ee3c c\u1ea5p cho ng\u01b0\u1eddi n\u01b0\u1edbc ngo\u00e0i tham gia c\u00e1c kh\u00f3a \u0111\u00e0o t\u1ea1o t\u1ed5ng qu\u00e1t, nh\u01b0 h\u1ecdc ti\u1ebfng H\u00e0n t\u1ea1i c\u00e1c trung t\u00e2m ng\u00f4n ng\u1eef ho\u1eb7c ch\u01b0\u01a1ng tr\u00ecnh \u0111\u00e0o t\u1ea1o ng\u1eafn h\u1ea1n. Th\u1eddi gian l\u01b0u tr\u00fa t\u1ed1i \u0111a l\u00e0 2 n\u0103m v\u00e0 c\u00f3 th\u1ec3 gia h\u1ea1n. Visa n\u00e0y kh\u00f4ng bao g\u1ed3m c\u00e1c ch\u01b0\u01a1ng tr\u00ecnh c\u1ea5p b\u1eb1ng, m\u00e0 ch\u1ee7 y\u1ebfu d\u00e0nh cho nh\u1eefng ng\u01b0\u1eddi h\u1ecdc ti\u1ebfng H\u00e0n ho\u1eb7c chu\u1ea9n b\u1ecb tham gia ch\u01b0\u01a1ng tr\u00ecnh trao \u0111\u1ed5i, du h\u1ecdc. Sau khi ho\u00e0n th\u00e0nh kh\u00f3a h\u1ecdc, c\u00f3 th\u1ec3 chuy\u1ec3n sang visa du h\u1ecdc D-2 ho\u1eb7c c\u00e1c lo\u1ea1i visa li\u00ean quan \u0111\u1ebfn vi\u1ec7c l\u00e0m, n\u00ean \u0111\u00e2y \u0111\u01b0\u1ee3c xem l\u00e0 lo\u1ea1i visa mang t\u00ednh chu\u1ea9n b\u1ecb cho c\u00e1c giai \u0111o\u1ea1n h\u1ecdc t\u1eadp ho\u1eb7c l\u00e0m vi\u1ec7c sau n\u00e0y.<\/li><\/ul>\t\t\t\t\t\t\t\t<\/div>\n\t\t\t\t<\/div>\n\t\t\t\t\t<\/div>\n\t\t<\/div>\n\t\t\t\t\t<\/div>\n\t\t<\/section>\n\t\t\t\t<section class=\"elementor-section elementor-top-section elementor-element elementor-element-019caa7 elementor-section-boxed elementor-section-height-default elementor-section-height-default\" data-id=\"019caa7\" data-element_type=\"section\">\n\t\t\t\t\t\t<div class=\"elementor-container elementor-column-gap-default\">\n\t\t\t\t\t<div class=\"elementor-column elementor-col-100 elementor-top-column elementor-element elementor-element-a948c6c\" data-id=\"a948c6c\" data-element_type=\"column\">\n\t\t\t<div class=\"elementor-widget-wrap elementor-element-populated\">\n\t\t\t\t\t\t<div class=\"elementor-element elementor-element-1cc2019 elementor-widget elementor-widget-spacer\" data-id=\"1cc2019\" data-element_type=\"widget\" data-widget_type=\"spacer.default\">\n\t\t\t\t<div class=\"elementor-widget-container\">\n\t\t\t\t\t\t\t<div class=\"elementor-spacer\">\n\t\t\t<div class=\"elementor-spacer-inner\"><\/div>\n\t\t<\/div>\n\t\t\t\t\t\t<\/div>\n\t\t\t\t<\/div>\n\t\t\t\t\t<\/div>\n\t\t<\/div>\n\t\t\t\t\t<\/div>\n\t\t<\/section>\n\t\t\t\t<\/div>\n\t\t","protected":false},"excerpt":{"rendered":"<p>C\u00f4ng vi\u1ec7c Chia s\u1ebb s\u1ef1 ch\u00e2n th\u00e0nh v\u1edbi kh\u00e1ch h\u00e0ng v\u00e0 x\u00e2y d\u1ef1ng ni\u1ec1m tin. D-4 (\u0110\u00e0o t\u1ea1o chung) Visa [&hellip;]<\/p>\n","protected":false},"author":1,"featured_media":0,"parent":0,"menu_order":0,"comment_status":"closed","ping_status":"closed","template":"","meta":{"site-sidebar-layout":"no-sidebar","site-content-layout":"","ast-site-content-layout":"full-width-container","site-content-style":"default","site-sidebar-style":"default","ast-global-header-display":"","ast-banner-title-visibility":"","ast-main-header-display":"","ast-hfb-above-header-display":"","ast-hfb-below-header-display":"","ast-hfb-mobile-header-display":"","site-post-title":"disabled","ast-breadcrumbs-content":"","ast-featured-img":"disabled","footer-sml-layout":"","theme-transparent-header-meta":"","adv-header-id-meta":"","stick-header-meta":"","header-above-stick-meta":"","header-main-stick-meta":"","header-below-stick-meta":"","astra-migrate-meta-layouts":"default","ast-page-background-enabled":"default","ast-page-background-meta":{"desktop":{"background-color":"var(--ast-global-color-4)","background-image":"","background-repeat":"repeat","background-position":"center center","background-size":"auto","background-attachment":"scroll","background-type":"","background-media":"","overlay-type":"","overlay-color":"","overlay-opacity":"","overlay-gradient":""},"tablet":{"background-color":"","background-image":"","background-repeat":"repeat","background-position":"center center","background-size":"auto","background-attachment":"scroll","background-type":"","background-media":"","overlay-type":"","overlay-color":"","overlay-opacity":"","overlay-gradient":""},"mobile":{"background-color":"","background-image":"","background-repeat":"repeat","background-position":"center center","background-size":"auto","background-attachment":"scroll","background-type":"","background-media":"","overlay-type":"","overlay-color":"","overlay-opacity":"","overlay-gradient":""}},"ast-content-background-meta":{"desktop":{"background-color":"var(--ast-global-color-5)","background-image":"","background-repeat":"repeat","background-position":"center center","background-size":"auto","background-attachment":"scroll","background-type":"","background-media":"","overlay-type":"","overlay-color":"","overlay-opacity":"","overlay-gradient":""},"tablet":{"background-color":"var(--ast-global-color-5)","background-image":"","background-repeat":"repeat","background-position":"center center","background-size":"auto","background-attachment":"scroll","background-type":"","background-media":"","overlay-type":"","overlay-color":"","overlay-opacity":"","overlay-gradient":""},"mobile":{"background-color":"var(--ast-global-color-5)","background-image":"","background-repeat":"repeat","background-position":"center center","background-size":"auto","background-attachment":"scroll","background-type":"","background-media":"","overlay-type":"","overlay-color":"","overlay-opacity":"","overlay-gradient":""}},"footnotes":""},"class_list":["post-9530","page","type-page","status-publish","hentry"],"_links":{"self":[{"href":"https:\/\/asiaglobal.kr\/index.php?rest_route=\/wp\/v2\/pages\/9530","targetHints":{"allow":["GET"]}}],"collection":[{"href":"https:\/\/asiaglobal.kr\/index.php?rest_route=\/wp\/v2\/pages"}],"about":[{"href":"https:\/\/asiaglobal.kr\/index.php?rest_route=\/wp\/v2\/types\/page"}],"author":[{"embeddable":true,"href":"https:\/\/asiaglobal.kr\/index.php?rest_route=\/wp\/v2\/users\/1"}],"replies":[{"embeddable":true,"href":"https:\/\/asiaglobal.kr\/index.php?rest_route=%2Fwp%2Fv2%2Fcomments&post=9530"}],"version-history":[{"count":4,"href":"https:\/\/asiaglobal.kr\/index.php?rest_route=\/wp\/v2\/pages\/9530\/revisions"}],"predecessor-version":[{"id":9930,"href":"https:\/\/asiaglobal.kr\/index.php?rest_route=\/wp\/v2\/pages\/9530\/revisions\/9930"}],"wp:attachment":[{"href":"https:\/\/asiaglobal.kr\/index.php?rest_route=%2Fwp%2Fv2%2Fmedia&parent=9530"}],"curies":[{"name":"wp","href":"https:\/\/api.w.org\/{rel}","templated":true}]}}