{"id":9577,"date":"2025-10-14T22:37:23","date_gmt":"2025-10-14T13:37:23","guid":{"rendered":"https:\/\/asiaglobal.kr\/?page_id=9577"},"modified":"2025-10-15T14:37:11","modified_gmt":"2025-10-15T05:37:11","slug":"%eb%b2%88%ec%97%ad-%ea%b3%b5%ec%a6%9d-%eb%b2%a0%ed%8a%b8%eb%82%a8-vi","status":"publish","type":"page","link":"https:\/\/asiaglobal.kr\/?page_id=9577&lang=vi","title":{"rendered":"\ubc88\uc5ed\/\uacf5\uc99d &#8211; \ubca0\ud2b8\ub0a8 Vi"},"content":{"rendered":"\t\t<div data-elementor-type=\"wp-page\" data-elementor-id=\"9577\" class=\"elementor elementor-9577\" data-elementor-post-type=\"page\">\n\t\t\t\t\t\t<section class=\"elementor-section elementor-top-section elementor-element elementor-element-456976e elementor-section-full_width elementor-section-height-min-height elementor-section-content-middle animated-slow elementor-section-height-default elementor-section-items-middle elementor-invisible\" data-id=\"456976e\" data-element_type=\"section\" data-settings=\"{&quot;background_background&quot;:&quot;classic&quot;,&quot;motion_fx_motion_fx_scrolling&quot;:&quot;yes&quot;,&quot;animation&quot;:&quot;fadeIn&quot;,&quot;motion_fx_devices&quot;:[&quot;desktop&quot;,&quot;tablet&quot;,&quot;mobile&quot;]}\">\n\t\t\t\t\t\t\t<div class=\"elementor-background-overlay\"><\/div>\n\t\t\t\t\t\t\t<div class=\"elementor-container elementor-column-gap-no\">\n\t\t\t\t\t<div class=\"elementor-column elementor-col-100 elementor-top-column elementor-element elementor-element-766ec5c\" data-id=\"766ec5c\" data-element_type=\"column\">\n\t\t\t<div class=\"elementor-widget-wrap elementor-element-populated\">\n\t\t\t\t\t\t<div class=\"elementor-element elementor-element-b929cdf animated-slow elementor-invisible elementor-widget elementor-widget-heading\" data-id=\"b929cdf\" data-element_type=\"widget\" data-settings=\"{&quot;_animation&quot;:&quot;fadeInUp&quot;}\" data-widget_type=\"heading.default\">\n\t\t\t\t<div class=\"elementor-widget-container\">\n\t\t\t\t\t<h1 class=\"elementor-heading-title elementor-size-default\">C\u00f4ng vi\u1ec7c<\/h1>\t\t\t\t<\/div>\n\t\t\t\t<\/div>\n\t\t\t\t<div class=\"elementor-element elementor-element-5b280ab animated-slow elementor-invisible elementor-widget elementor-widget-text-editor\" data-id=\"5b280ab\" data-element_type=\"widget\" data-settings=\"{&quot;_animation&quot;:&quot;fadeInUp&quot;,&quot;_animation_delay&quot;:400}\" data-widget_type=\"text-editor.default\">\n\t\t\t\t<div class=\"elementor-widget-container\">\n\t\t\t\t\t\t\t\t\t<p>Chia s\u1ebb s\u1ef1 ch\u00e2n th\u00e0nh v\u1edbi kh\u00e1ch h\u00e0ng v\u00e0 x\u00e2y d\u1ef1ng ni\u1ec1m tin.<\/p>\t\t\t\t\t\t\t\t<\/div>\n\t\t\t\t<\/div>\n\t\t\t\t\t<\/div>\n\t\t<\/div>\n\t\t\t\t\t<\/div>\n\t\t<\/section>\n\t\t\t\t<section class=\"elementor-section elementor-top-section elementor-element elementor-element-66ba640 elementor-section-full_width elementor-section-height-default elementor-section-height-default\" data-id=\"66ba640\" data-element_type=\"section\">\n\t\t\t\t\t\t<div class=\"elementor-container elementor-column-gap-default\">\n\t\t\t\t\t<div class=\"elementor-column elementor-col-100 elementor-top-column elementor-element elementor-element-7980bca\" data-id=\"7980bca\" data-element_type=\"column\" data-settings=\"{&quot;motion_fx_motion_fx_scrolling&quot;:&quot;yes&quot;,&quot;motion_fx_devices&quot;:[&quot;desktop&quot;,&quot;tablet&quot;,&quot;mobile&quot;]}\">\n\t\t\t<div class=\"elementor-widget-wrap elementor-element-populated\">\n\t\t\t\t\t\t<div class=\"elementor-element elementor-element-5dd2adc elementor-nav-menu__align-center elementor-nav-menu--dropdown-none elementor-widget elementor-widget-nav-menu\" data-id=\"5dd2adc\" data-element_type=\"widget\" data-settings=\"{&quot;submenu_icon&quot;:{&quot;value&quot;:&quot;&lt;i class=\\&quot;fas fa-chevron-down\\&quot;&gt;&lt;\\\/i&gt;&quot;,&quot;library&quot;:&quot;fa-solid&quot;},&quot;_animation&quot;:&quot;none&quot;,&quot;layout&quot;:&quot;horizontal&quot;}\" data-widget_type=\"nav-menu.default\">\n\t\t\t\t<div class=\"elementor-widget-container\">\n\t\t\t\t\t\t\t\t<nav aria-label=\"Menu\" class=\"elementor-nav-menu--main elementor-nav-menu__container elementor-nav-menu--layout-horizontal e--pointer-underline e--animation-none\">\n\t\t\t\t<ul id=\"menu-1-5dd2adc\" class=\"elementor-nav-menu\"><li class=\"menu-item menu-item-type-post_type menu-item-object-page menu-item-9649\"><a href=\"https:\/\/asiaglobal.kr\/?page_id=9514&#038;lang=vi\" class=\"elementor-item menu-link\">D\u1ecbch thu\u1eadt<\/a><\/li>\n<li class=\"menu-item menu-item-type-post_type menu-item-object-page menu-item-9650\"><a href=\"https:\/\/asiaglobal.kr\/?page_id=9516&#038;lang=vi\" class=\"elementor-item menu-link\">visa<\/a><\/li>\n<li class=\"menu-item menu-item-type-post_type menu-item-object-page menu-item-9651\"><a href=\"https:\/\/asiaglobal.kr\/?page_id=9599&#038;lang=vi\" class=\"elementor-item menu-link\">Du h\u1ecdc<\/a><\/li>\n<li class=\"menu-item menu-item-type-post_type menu-item-object-page menu-item-9652\"><a href=\"https:\/\/asiaglobal.kr\/?page_id=9592&#038;lang=vi\" class=\"elementor-item menu-link\">H\u00f4n nh\u00e2n qu\u1ed1c t\u1ebf<\/a><\/li>\n<li class=\"menu-item menu-item-type-post_type menu-item-object-page menu-item-9653\"><a href=\"https:\/\/asiaglobal.kr\/?page_id=9564&#038;lang=vi\" class=\"elementor-item menu-link\">Lao \u0111\u1ed9ng th\u1eddi v\u1ee5<\/a><\/li>\n<li class=\"menu-item menu-item-type-post_type menu-item-object-page menu-item-9654\"><a href=\"https:\/\/asiaglobal.kr\/?page_id=9604&#038;lang=vi\" class=\"elementor-item menu-link\">Gi\u1edbi thi\u1ec7u vi\u1ec7c l\u00e0m<\/a><\/li>\n<li class=\"menu-item menu-item-type-post_type menu-item-object-page menu-item-9655\"><a href=\"https:\/\/asiaglobal.kr\/?page_id=9605&#038;lang=vi\" class=\"elementor-item menu-link\">Ti\u1ec1n l\u01b0\u01a1ng ch\u01b0a thanh to\u00e1n<\/a><\/li>\n<\/ul>\t\t\t<\/nav>\n\t\t\t\t\t\t<nav class=\"elementor-nav-menu--dropdown elementor-nav-menu__container\" aria-hidden=\"true\">\n\t\t\t\t<ul id=\"menu-2-5dd2adc\" class=\"elementor-nav-menu\"><li class=\"menu-item menu-item-type-post_type menu-item-object-page menu-item-9649\"><a href=\"https:\/\/asiaglobal.kr\/?page_id=9514&#038;lang=vi\" class=\"elementor-item menu-link\" tabindex=\"-1\">D\u1ecbch thu\u1eadt<\/a><\/li>\n<li class=\"menu-item menu-item-type-post_type menu-item-object-page menu-item-9650\"><a href=\"https:\/\/asiaglobal.kr\/?page_id=9516&#038;lang=vi\" class=\"elementor-item menu-link\" tabindex=\"-1\">visa<\/a><\/li>\n<li class=\"menu-item menu-item-type-post_type menu-item-object-page menu-item-9651\"><a href=\"https:\/\/asiaglobal.kr\/?page_id=9599&#038;lang=vi\" class=\"elementor-item menu-link\" tabindex=\"-1\">Du h\u1ecdc<\/a><\/li>\n<li class=\"menu-item menu-item-type-post_type menu-item-object-page menu-item-9652\"><a href=\"https:\/\/asiaglobal.kr\/?page_id=9592&#038;lang=vi\" class=\"elementor-item menu-link\" tabindex=\"-1\">H\u00f4n nh\u00e2n qu\u1ed1c t\u1ebf<\/a><\/li>\n<li class=\"menu-item menu-item-type-post_type menu-item-object-page menu-item-9653\"><a href=\"https:\/\/asiaglobal.kr\/?page_id=9564&#038;lang=vi\" class=\"elementor-item menu-link\" tabindex=\"-1\">Lao \u0111\u1ed9ng th\u1eddi v\u1ee5<\/a><\/li>\n<li class=\"menu-item menu-item-type-post_type menu-item-object-page menu-item-9654\"><a href=\"https:\/\/asiaglobal.kr\/?page_id=9604&#038;lang=vi\" class=\"elementor-item menu-link\" tabindex=\"-1\">Gi\u1edbi thi\u1ec7u vi\u1ec7c l\u00e0m<\/a><\/li>\n<li class=\"menu-item menu-item-type-post_type menu-item-object-page menu-item-9655\"><a href=\"https:\/\/asiaglobal.kr\/?page_id=9605&#038;lang=vi\" class=\"elementor-item menu-link\" tabindex=\"-1\">Ti\u1ec1n l\u01b0\u01a1ng ch\u01b0a thanh to\u00e1n<\/a><\/li>\n<\/ul>\t\t\t<\/nav>\n\t\t\t\t\t\t<\/div>\n\t\t\t\t<\/div>\n\t\t\t\t\t<\/div>\n\t\t<\/div>\n\t\t\t\t\t<\/div>\n\t\t<\/section>\n\t\t\t\t<section class=\"elementor-section elementor-top-section elementor-element elementor-element-a9bc445 elementor-section-boxed elementor-section-height-default elementor-section-height-default\" data-id=\"a9bc445\" data-element_type=\"section\">\n\t\t\t\t\t\t<div class=\"elementor-container elementor-column-gap-default\">\n\t\t\t\t\t<div class=\"elementor-column elementor-col-100 elementor-top-column elementor-element elementor-element-966f978\" data-id=\"966f978\" data-element_type=\"column\">\n\t\t\t<div class=\"elementor-widget-wrap elementor-element-populated\">\n\t\t\t\t\t\t<div class=\"elementor-element elementor-element-c4a4c25 elementor-widget elementor-widget-image\" data-id=\"c4a4c25\" data-element_type=\"widget\" data-widget_type=\"image.default\">\n\t\t\t\t<div class=\"elementor-widget-container\">\n\t\t\t\t\t\t\t\t\t\t\t\t\t\t\t<img fetchpriority=\"high\" decoding=\"async\" width=\"1920\" height=\"400\" src=\"https:\/\/asiaglobal.kr\/wp-content\/uploads\/2025\/10\/\ubc88\uc5ed\uacf5\uc99d-\ubca0\ud2b8\ub0a8-Vi.jpg\" class=\"attachment-full size-full wp-image-9718\" alt=\"\" srcset=\"https:\/\/asiaglobal.kr\/wp-content\/uploads\/2025\/10\/\ubc88\uc5ed\uacf5\uc99d-\ubca0\ud2b8\ub0a8-Vi.jpg 1920w, https:\/\/asiaglobal.kr\/wp-content\/uploads\/2025\/10\/\ubc88\uc5ed\uacf5\uc99d-\ubca0\ud2b8\ub0a8-Vi-300x63.jpg 300w, https:\/\/asiaglobal.kr\/wp-content\/uploads\/2025\/10\/\ubc88\uc5ed\uacf5\uc99d-\ubca0\ud2b8\ub0a8-Vi-1024x213.jpg 1024w, https:\/\/asiaglobal.kr\/wp-content\/uploads\/2025\/10\/\ubc88\uc5ed\uacf5\uc99d-\ubca0\ud2b8\ub0a8-Vi-768x160.jpg 768w, https:\/\/asiaglobal.kr\/wp-content\/uploads\/2025\/10\/\ubc88\uc5ed\uacf5\uc99d-\ubca0\ud2b8\ub0a8-Vi-1536x320.jpg 1536w\" sizes=\"(max-width: 1920px) 100vw, 1920px\" \/>\t\t\t\t\t\t\t\t\t\t\t\t\t\t\t<\/div>\n\t\t\t\t<\/div>\n\t\t\t\t\t<\/div>\n\t\t<\/div>\n\t\t\t\t\t<\/div>\n\t\t<\/section>\n\t\t\t\t<section class=\"elementor-section elementor-top-section elementor-element elementor-element-5f4a0a3 elementor-section-boxed elementor-section-height-default elementor-section-height-default\" data-id=\"5f4a0a3\" data-element_type=\"section\" data-settings=\"{&quot;background_background&quot;:&quot;classic&quot;}\">\n\t\t\t\t\t\t<div class=\"elementor-container elementor-column-gap-default\">\n\t\t\t\t\t<div class=\"elementor-column elementor-col-100 elementor-top-column elementor-element elementor-element-d4552e7\" data-id=\"d4552e7\" data-element_type=\"column\">\n\t\t\t<div class=\"elementor-widget-wrap elementor-element-populated\">\n\t\t\t\t\t\t<div class=\"elementor-element elementor-element-4e1aba4 elementor-widget elementor-widget-spacer\" data-id=\"4e1aba4\" data-element_type=\"widget\" data-widget_type=\"spacer.default\">\n\t\t\t\t<div class=\"elementor-widget-container\">\n\t\t\t\t\t\t\t<div class=\"elementor-spacer\">\n\t\t\t<div class=\"elementor-spacer-inner\"><\/div>\n\t\t<\/div>\n\t\t\t\t\t\t<\/div>\n\t\t\t\t<\/div>\n\t\t\t\t<div class=\"elementor-element elementor-element-be157be text00 elementor-widget elementor-widget-heading\" data-id=\"be157be\" data-element_type=\"widget\" data-widget_type=\"heading.default\">\n\t\t\t\t<div class=\"elementor-widget-container\">\n\t\t\t\t\t<h1 class=\"elementor-heading-title elementor-size-medium\">\ud83c\uddfb\ud83c\uddf3 Vi\u1ec7t Nam<\/h1>\t\t\t\t<\/div>\n\t\t\t\t<\/div>\n\t\t\t\t\t<\/div>\n\t\t<\/div>\n\t\t\t\t\t<\/div>\n\t\t<\/section>\n\t\t\t\t<section class=\"elementor-section elementor-top-section elementor-element elementor-element-0630891 elementor-section-boxed elementor-section-height-default elementor-section-height-default\" data-id=\"0630891\" data-element_type=\"section\" data-settings=\"{&quot;background_background&quot;:&quot;classic&quot;}\">\n\t\t\t\t\t\t<div class=\"elementor-container elementor-column-gap-default\">\n\t\t\t\t\t<div class=\"elementor-column elementor-col-100 elementor-top-column elementor-element elementor-element-b23c1db\" data-id=\"b23c1db\" data-element_type=\"column\">\n\t\t\t<div class=\"elementor-widget-wrap elementor-element-populated\">\n\t\t\t\t\t\t<div class=\"elementor-element elementor-element-a118ea8 elementor-widget elementor-widget-image\" data-id=\"a118ea8\" data-element_type=\"widget\" data-widget_type=\"image.default\">\n\t\t\t\t<div class=\"elementor-widget-container\">\n\t\t\t\t\t\t\t\t\t\t\t\t\t\t\t<img decoding=\"async\" width=\"896\" height=\"1024\" src=\"https:\/\/asiaglobal.kr\/wp-content\/uploads\/2025\/10\/1.-\uc11c\ub958-\ubca0\ud2b8\ub0a8-\ubcf5\uc0ac-896x1024.png\" class=\"attachment-large size-large wp-image-9430\" alt=\"\" srcset=\"https:\/\/asiaglobal.kr\/wp-content\/uploads\/2025\/10\/1.-\uc11c\ub958-\ubca0\ud2b8\ub0a8-\ubcf5\uc0ac-896x1024.png 896w, https:\/\/asiaglobal.kr\/wp-content\/uploads\/2025\/10\/1.-\uc11c\ub958-\ubca0\ud2b8\ub0a8-\ubcf5\uc0ac-263x300.png 263w, https:\/\/asiaglobal.kr\/wp-content\/uploads\/2025\/10\/1.-\uc11c\ub958-\ubca0\ud2b8\ub0a8-\ubcf5\uc0ac-768x878.png 768w, https:\/\/asiaglobal.kr\/wp-content\/uploads\/2025\/10\/1.-\uc11c\ub958-\ubca0\ud2b8\ub0a8-\ubcf5\uc0ac-1344x1536.png 1344w, https:\/\/asiaglobal.kr\/wp-content\/uploads\/2025\/10\/1.-\uc11c\ub958-\ubca0\ud2b8\ub0a8-\ubcf5\uc0ac-1792x2048.png 1792w\" sizes=\"(max-width: 896px) 100vw, 896px\" \/>\t\t\t\t\t\t\t\t\t\t\t\t\t\t\t<\/div>\n\t\t\t\t<\/div>\n\t\t\t\t\t<\/div>\n\t\t<\/div>\n\t\t\t\t\t<\/div>\n\t\t<\/section>\n\t\t\t\t<\/div>\n\t\t","protected":false},"excerpt":{"rendered":"<p>C\u00f4ng vi\u1ec7c Chia s\u1ebb s\u1ef1 ch\u00e2n th\u00e0nh v\u1edbi kh\u00e1ch h\u00e0ng v\u00e0 x\u00e2y d\u1ef1ng ni\u1ec1m tin. \ud83c\uddfb\ud83c\uddf3 Vi\u1ec7t Nam<\/p>\n","protected":false},"author":1,"featured_media":0,"parent":0,"menu_order":0,"comment_status":"closed","ping_status":"closed","template":"","meta":{"site-sidebar-layout":"no-sidebar","site-content-layout":"","ast-site-content-layout":"full-width-container","site-content-style":"default","site-sidebar-style":"default","ast-global-header-display":"","ast-banner-title-visibility":"","ast-main-header-display":"","ast-hfb-above-header-display":"","ast-hfb-below-header-display":"","ast-hfb-mobile-header-display":"","site-post-title":"disabled","ast-breadcrumbs-content":"","ast-featured-img":"disabled","footer-sml-layout":"","theme-transparent-header-meta":"","adv-header-id-meta":"","stick-header-meta":"","header-above-stick-meta":"","header-main-stick-meta":"","header-below-stick-meta":"","astra-migrate-meta-layouts":"default","ast-page-background-enabled":"default","ast-page-background-meta":{"desktop":{"background-color":"var(--ast-global-color-4)","background-image":"","background-repeat":"repeat","background-position":"center center","background-size":"auto","background-attachment":"scroll","background-type":"","background-media":"","overlay-type":"","overlay-color":"","overlay-opacity":"","overlay-gradient":""},"tablet":{"background-color":"","background-image":"","background-repeat":"repeat","background-position":"center center","background-size":"auto","background-attachment":"scroll","background-type":"","background-media":"","overlay-type":"","overlay-color":"","overlay-opacity":"","overlay-gradient":""},"mobile":{"background-color":"","background-image":"","background-repeat":"repeat","background-position":"center center","background-size":"auto","background-attachment":"scroll","background-type":"","background-media":"","overlay-type":"","overlay-color":"","overlay-opacity":"","overlay-gradient":""}},"ast-content-background-meta":{"desktop":{"background-color":"var(--ast-global-color-5)","background-image":"","background-repeat":"repeat","background-position":"center center","background-size":"auto","background-attachment":"scroll","background-type":"","background-media":"","overlay-type":"","overlay-color":"","overlay-opacity":"","overlay-gradient":""},"tablet":{"background-color":"var(--ast-global-color-5)","background-image":"","background-repeat":"repeat","background-position":"center center","background-size":"auto","background-attachment":"scroll","background-type":"","background-media":"","overlay-type":"","overlay-color":"","overlay-opacity":"","overlay-gradient":""},"mobile":{"background-color":"var(--ast-global-color-5)","background-image":"","background-repeat":"repeat","background-position":"center center","background-size":"auto","background-attachment":"scroll","background-type":"","background-media":"","overlay-type":"","overlay-color":"","overlay-opacity":"","overlay-gradient":""}},"footnotes":""},"class_list":["post-9577","page","type-page","status-publish","hentry"],"_links":{"self":[{"href":"https:\/\/asiaglobal.kr\/index.php?rest_route=\/wp\/v2\/pages\/9577","targetHints":{"allow":["GET"]}}],"collection":[{"href":"https:\/\/asiaglobal.kr\/index.php?rest_route=\/wp\/v2\/pages"}],"about":[{"href":"https:\/\/asiaglobal.kr\/index.php?rest_route=\/wp\/v2\/types\/page"}],"author":[{"embeddable":true,"href":"https:\/\/asiaglobal.kr\/index.php?rest_route=\/wp\/v2\/users\/1"}],"replies":[{"embeddable":true,"href":"https:\/\/asiaglobal.kr\/index.php?rest_route=%2Fwp%2Fv2%2Fcomments&post=9577"}],"version-history":[{"count":4,"href":"https:\/\/asiaglobal.kr\/index.php?rest_route=\/wp\/v2\/pages\/9577\/revisions"}],"predecessor-version":[{"id":9721,"href":"https:\/\/asiaglobal.kr\/index.php?rest_route=\/wp\/v2\/pages\/9577\/revisions\/9721"}],"wp:attachment":[{"href":"https:\/\/asiaglobal.kr\/index.php?rest_route=%2Fwp%2Fv2%2Fmedia&parent=9577"}],"curies":[{"name":"wp","href":"https:\/\/api.w.org\/{rel}","templated":true}]}}