{"id":9591,"date":"2025-10-14T22:38:52","date_gmt":"2025-10-14T13:38:52","guid":{"rendered":"https:\/\/asiaglobal.kr\/?page_id=9591"},"modified":"2025-10-15T17:20:44","modified_gmt":"2025-10-15T08:20:44","slug":"%ea%b3%b5%ec%a7%80%ec%82%ac%ed%95%ad-vi","status":"publish","type":"page","link":"https:\/\/asiaglobal.kr\/?page_id=9591&lang=vi","title":{"rendered":"\uacf5\uc9c0\uc0ac\ud56d Vi"},"content":{"rendered":"\t\t<div data-elementor-type=\"wp-page\" data-elementor-id=\"9591\" class=\"elementor elementor-9591\" data-elementor-post-type=\"page\">\n\t\t\t\t\t\t<section class=\"elementor-section elementor-top-section elementor-element elementor-element-4aa4694c elementor-section-full_width elementor-section-height-min-height elementor-section-content-middle animated-slow elementor-section-height-default elementor-section-items-middle elementor-invisible\" data-id=\"4aa4694c\" data-element_type=\"section\" data-settings=\"{&quot;background_background&quot;:&quot;classic&quot;,&quot;motion_fx_motion_fx_scrolling&quot;:&quot;yes&quot;,&quot;animation&quot;:&quot;fadeIn&quot;,&quot;motion_fx_devices&quot;:[&quot;desktop&quot;,&quot;tablet&quot;,&quot;mobile&quot;]}\">\n\t\t\t\t\t\t\t<div class=\"elementor-background-overlay\"><\/div>\n\t\t\t\t\t\t\t<div class=\"elementor-container elementor-column-gap-no\">\n\t\t\t\t\t<div class=\"elementor-column elementor-col-100 elementor-top-column elementor-element elementor-element-4906c0c8\" data-id=\"4906c0c8\" data-element_type=\"column\">\n\t\t\t<div class=\"elementor-widget-wrap elementor-element-populated\">\n\t\t\t\t\t\t<div class=\"elementor-element elementor-element-b650d4b animated-slow elementor-invisible elementor-widget elementor-widget-heading\" data-id=\"b650d4b\" data-element_type=\"widget\" data-settings=\"{&quot;_animation&quot;:&quot;fadeInUp&quot;}\" data-widget_type=\"heading.default\">\n\t\t\t\t<div class=\"elementor-widget-container\">\n\t\t\t\t\t<h1 class=\"elementor-heading-title elementor-size-default\">H\u1ed7 tr\u1ee3 kh\u00e1ch h\u00e0ng<\/h1>\t\t\t\t<\/div>\n\t\t\t\t<\/div>\n\t\t\t\t<div class=\"elementor-element elementor-element-57dd6253 animated-slow elementor-invisible elementor-widget elementor-widget-text-editor\" data-id=\"57dd6253\" data-element_type=\"widget\" data-settings=\"{&quot;_animation&quot;:&quot;fadeInUp&quot;,&quot;_animation_delay&quot;:400}\" data-widget_type=\"text-editor.default\">\n\t\t\t\t<div class=\"elementor-widget-container\">\n\t\t\t\t\t\t\t\t\t<p>Chia s\u1ebb s\u1ef1 ch\u00e2n th\u00e0nh v\u1edbi kh\u00e1ch h\u00e0ng v\u00e0 x\u00e2y d\u1ef1ng ni\u1ec1m tin.<\/p>\t\t\t\t\t\t\t\t<\/div>\n\t\t\t\t<\/div>\n\t\t\t\t\t<\/div>\n\t\t<\/div>\n\t\t\t\t\t<\/div>\n\t\t<\/section>\n\t\t\t\t<section class=\"elementor-section elementor-top-section elementor-element elementor-element-66293a92 elementor-section-full_width elementor-section-height-default elementor-section-height-default\" data-id=\"66293a92\" data-element_type=\"section\">\n\t\t\t\t\t\t<div class=\"elementor-container elementor-column-gap-default\">\n\t\t\t\t\t<div class=\"elementor-column elementor-col-100 elementor-top-column elementor-element elementor-element-5dc50185\" data-id=\"5dc50185\" data-element_type=\"column\" data-settings=\"{&quot;motion_fx_motion_fx_scrolling&quot;:&quot;yes&quot;,&quot;motion_fx_devices&quot;:[&quot;desktop&quot;,&quot;tablet&quot;,&quot;mobile&quot;]}\">\n\t\t\t<div class=\"elementor-widget-wrap elementor-element-populated\">\n\t\t\t\t\t\t<div class=\"elementor-element elementor-element-2c72b5bb elementor-nav-menu__align-center elementor-nav-menu--dropdown-none elementor-widget elementor-widget-nav-menu\" data-id=\"2c72b5bb\" data-element_type=\"widget\" data-settings=\"{&quot;submenu_icon&quot;:{&quot;value&quot;:&quot;&lt;i class=\\&quot;fas fa-chevron-down\\&quot;&gt;&lt;\\\/i&gt;&quot;,&quot;library&quot;:&quot;fa-solid&quot;},&quot;_animation&quot;:&quot;none&quot;,&quot;layout&quot;:&quot;horizontal&quot;}\" data-widget_type=\"nav-menu.default\">\n\t\t\t\t<div class=\"elementor-widget-container\">\n\t\t\t\t\t\t\t\t<nav aria-label=\"Menu\" class=\"elementor-nav-menu--main elementor-nav-menu__container elementor-nav-menu--layout-horizontal e--pointer-underline e--animation-none\">\n\t\t\t\t<ul id=\"menu-1-2c72b5bb\" class=\"elementor-nav-menu\"><li class=\"menu-item menu-item-type-post_type menu-item-object-page menu-item-9774\"><a href=\"https:\/\/asiaglobal.kr\/?page_id=9591&#038;lang=vi\" class=\"elementor-item menu-link\">Th\u00f4ng b\u00e1o<\/a><\/li>\n<li class=\"menu-item menu-item-type-post_type menu-item-object-page menu-item-9777\"><a href=\"https:\/\/asiaglobal.kr\/?page_id=9602&#038;lang=vi\" class=\"elementor-item menu-link\">Th\u01b0 vi\u1ec7n t\u00e0i li\u1ec7u<\/a><\/li>\n<li class=\"menu-item menu-item-type-post_type menu-item-object-page menu-item-9775\"><a href=\"https:\/\/asiaglobal.kr\/?page_id=9606&#038;lang=vi\" class=\"elementor-item menu-link\">Th\u01b0 vi\u1ec7n th\u00e0nh vi\u00ean<\/a><\/li>\n<\/ul>\t\t\t<\/nav>\n\t\t\t\t\t\t<nav class=\"elementor-nav-menu--dropdown elementor-nav-menu__container\" aria-hidden=\"true\">\n\t\t\t\t<ul id=\"menu-2-2c72b5bb\" class=\"elementor-nav-menu\"><li class=\"menu-item menu-item-type-post_type menu-item-object-page menu-item-9774\"><a href=\"https:\/\/asiaglobal.kr\/?page_id=9591&#038;lang=vi\" class=\"elementor-item menu-link\" tabindex=\"-1\">Th\u00f4ng b\u00e1o<\/a><\/li>\n<li class=\"menu-item menu-item-type-post_type menu-item-object-page menu-item-9777\"><a href=\"https:\/\/asiaglobal.kr\/?page_id=9602&#038;lang=vi\" class=\"elementor-item menu-link\" tabindex=\"-1\">Th\u01b0 vi\u1ec7n t\u00e0i li\u1ec7u<\/a><\/li>\n<li class=\"menu-item menu-item-type-post_type menu-item-object-page menu-item-9775\"><a href=\"https:\/\/asiaglobal.kr\/?page_id=9606&#038;lang=vi\" class=\"elementor-item menu-link\" tabindex=\"-1\">Th\u01b0 vi\u1ec7n th\u00e0nh vi\u00ean<\/a><\/li>\n<\/ul>\t\t\t<\/nav>\n\t\t\t\t\t\t<\/div>\n\t\t\t\t<\/div>\n\t\t\t\t\t<\/div>\n\t\t<\/div>\n\t\t\t\t\t<\/div>\n\t\t<\/section>\n\t\t\t\t<section class=\"elementor-section elementor-top-section elementor-element elementor-element-b2997a6 elementor-section-boxed elementor-section-height-default elementor-section-height-default\" data-id=\"b2997a6\" data-element_type=\"section\">\n\t\t\t\t\t\t<div class=\"elementor-container elementor-column-gap-default\">\n\t\t\t\t\t<div class=\"elementor-column elementor-col-100 elementor-top-column elementor-element elementor-element-3c11e1b\" data-id=\"3c11e1b\" data-element_type=\"column\">\n\t\t\t<div class=\"elementor-widget-wrap elementor-element-populated\">\n\t\t\t\t\t\t<div class=\"elementor-element elementor-element-456bd16 elementor-widget elementor-widget-image\" data-id=\"456bd16\" data-element_type=\"widget\" data-widget_type=\"image.default\">\n\t\t\t\t<div class=\"elementor-widget-container\">\n\t\t\t\t\t\t\t\t\t\t\t\t\t\t\t<img fetchpriority=\"high\" decoding=\"async\" width=\"1920\" height=\"400\" src=\"https:\/\/asiaglobal.kr\/wp-content\/uploads\/2025\/10\/\uace0\uac1d\uc9c0\uc6d0-\uacf5\uc9c0\uc0ac\ud56d-Vi.jpg\" class=\"attachment-full size-full wp-image-9778\" alt=\"\" srcset=\"https:\/\/asiaglobal.kr\/wp-content\/uploads\/2025\/10\/\uace0\uac1d\uc9c0\uc6d0-\uacf5\uc9c0\uc0ac\ud56d-Vi.jpg 1920w, https:\/\/asiaglobal.kr\/wp-content\/uploads\/2025\/10\/\uace0\uac1d\uc9c0\uc6d0-\uacf5\uc9c0\uc0ac\ud56d-Vi-300x63.jpg 300w, https:\/\/asiaglobal.kr\/wp-content\/uploads\/2025\/10\/\uace0\uac1d\uc9c0\uc6d0-\uacf5\uc9c0\uc0ac\ud56d-Vi-1024x213.jpg 1024w, https:\/\/asiaglobal.kr\/wp-content\/uploads\/2025\/10\/\uace0\uac1d\uc9c0\uc6d0-\uacf5\uc9c0\uc0ac\ud56d-Vi-768x160.jpg 768w, https:\/\/asiaglobal.kr\/wp-content\/uploads\/2025\/10\/\uace0\uac1d\uc9c0\uc6d0-\uacf5\uc9c0\uc0ac\ud56d-Vi-1536x320.jpg 1536w\" sizes=\"(max-width: 1920px) 100vw, 1920px\" \/>\t\t\t\t\t\t\t\t\t\t\t\t\t\t\t<\/div>\n\t\t\t\t<\/div>\n\t\t\t\t\t<\/div>\n\t\t<\/div>\n\t\t\t\t\t<\/div>\n\t\t<\/section>\n\t\t\t\t<section class=\"elementor-section elementor-top-section elementor-element elementor-element-3007732f elementor-section-boxed elementor-section-height-default elementor-section-height-default\" data-id=\"3007732f\" data-element_type=\"section\">\n\t\t\t\t\t\t<div class=\"elementor-container elementor-column-gap-default\">\n\t\t\t\t\t<div class=\"elementor-column elementor-col-100 elementor-top-column elementor-element elementor-element-41746679\" data-id=\"41746679\" data-element_type=\"column\">\n\t\t\t<div class=\"elementor-widget-wrap elementor-element-populated\">\n\t\t\t\t\t\t<div class=\"elementor-element elementor-element-49e8209d elementor-widget elementor-widget-spacer\" data-id=\"49e8209d\" data-element_type=\"widget\" data-widget_type=\"spacer.default\">\n\t\t\t\t<div class=\"elementor-widget-container\">\n\t\t\t\t\t\t\t<div class=\"elementor-spacer\">\n\t\t\t<div class=\"elementor-spacer-inner\"><\/div>\n\t\t<\/div>\n\t\t\t\t\t\t<\/div>\n\t\t\t\t<\/div>\n\t\t\t\t\t<\/div>\n\t\t<\/div>\n\t\t\t\t\t<\/div>\n\t\t<\/section>\n\t\t\t\t<section class=\"elementor-section elementor-top-section elementor-element elementor-element-79e24e71 elementor-section-boxed elementor-section-height-default elementor-section-height-default\" data-id=\"79e24e71\" data-element_type=\"section\" data-settings=\"{&quot;animation&quot;:&quot;none&quot;,&quot;animation_delay&quot;:100}\">\n\t\t\t\t\t\t<div class=\"elementor-container elementor-column-gap-default\">\n\t\t\t\t\t<div class=\"elementor-column elementor-col-100 elementor-top-column elementor-element elementor-element-1c806b7b\" data-id=\"1c806b7b\" data-element_type=\"column\">\n\t\t\t<div class=\"elementor-widget-wrap elementor-element-populated\">\n\t\t\t\t\t\t<div class=\"elementor-element elementor-element-49d69520 animated-slow elementor-widget elementor-widget-heading\" data-id=\"49d69520\" data-element_type=\"widget\" data-settings=\"{&quot;_animation_mobile&quot;:&quot;none&quot;,&quot;_animation&quot;:&quot;none&quot;,&quot;_animation_delay&quot;:300}\" data-widget_type=\"heading.default\">\n\t\t\t\t<div class=\"elementor-widget-container\">\n\t\t\t\t\t<h2 class=\"elementor-heading-title elementor-size-medium\">C\u1ea3m \u01a1n qu\u00fd kh\u00e1ch \u0111\u00e3 g\u1eedi \u00fd ki\u1ebfn qu\u00fd b\u00e1u.<br>\nCh\u00fang t\u00f4i s\u1ebd lu\u00f4n n\u1ed7 l\u1ef1c \u0111\u1ec3 mang \u0111\u1ebfn d\u1ecbch v\u1ee5 t\u1ed1t nh\u1ea5t, ph\u00f9 h\u1ee3p v\u1edbi mong \u0111\u1ee3i c\u1ee7a qu\u00fd kh\u00e1ch.<\/h2>\t\t\t\t<\/div>\n\t\t\t\t<\/div>\n\t\t\t\t\t<\/div>\n\t\t<\/div>\n\t\t\t\t\t<\/div>\n\t\t<\/section>\n\t\t\t\t<section class=\"elementor-section elementor-top-section elementor-element elementor-element-7eacda18 elementor-section-boxed elementor-section-height-default elementor-section-height-default\" data-id=\"7eacda18\" data-element_type=\"section\">\n\t\t\t\t\t\t<div class=\"elementor-container elementor-column-gap-default\">\n\t\t\t\t\t<div class=\"elementor-column elementor-col-100 elementor-top-column elementor-element elementor-element-10b44c85\" data-id=\"10b44c85\" data-element_type=\"column\">\n\t\t\t<div class=\"elementor-widget-wrap elementor-element-populated\">\n\t\t\t\t\t\t<div class=\"elementor-element elementor-element-37af50d1 elementor-widget elementor-widget-spacer\" data-id=\"37af50d1\" data-element_type=\"widget\" data-widget_type=\"spacer.default\">\n\t\t\t\t<div class=\"elementor-widget-container\">\n\t\t\t\t\t\t\t<div class=\"elementor-spacer\">\n\t\t\t<div class=\"elementor-spacer-inner\"><\/div>\n\t\t<\/div>\n\t\t\t\t\t\t<\/div>\n\t\t\t\t<\/div>\n\t\t\t\t\t<\/div>\n\t\t<\/div>\n\t\t\t\t\t<\/div>\n\t\t<\/section>\n\t\t\t\t<section class=\"elementor-section elementor-top-section elementor-element elementor-element-808c94a elementor-section-boxed elementor-section-height-default elementor-section-height-default\" data-id=\"808c94a\" data-element_type=\"section\">\n\t\t\t\t\t\t<div class=\"elementor-container elementor-column-gap-default\">\n\t\t\t\t\t<div class=\"elementor-column elementor-col-100 elementor-top-column elementor-element elementor-element-b070684\" data-id=\"b070684\" data-element_type=\"column\">\n\t\t\t<div class=\"elementor-widget-wrap elementor-element-populated\">\n\t\t\t\t\t\t<div class=\"elementor-element elementor-element-2c66f98 elementor-widget elementor-widget-shortcode\" data-id=\"2c66f98\" data-element_type=\"widget\" data-widget_type=\"shortcode.default\">\n\t\t\t\t<div class=\"elementor-widget-container\">\n\t\t\t\t\t\t\t<div class=\"elementor-shortcode\"><div id=\"kboard-default-list\">\r\n\t\r\n\t<!-- \uac8c\uc2dc\ud310 \uc815\ubcf4 \uc2dc\uc791 -->\r\n\t<div class=\"kboard-list-header\">\r\n\t\t\t\t\t<div class=\"kboard-total-count\">\r\n\t\t\t\t\uc804\uccb4 1\t\t\t<\/div>\r\n\t\t\t\t\r\n\t\t<div class=\"kboard-sort\">\r\n\t\t\t<form id=\"kboard-sort-form-1\" method=\"get\" action=\"\/index.php?rest_route=%2Fwp%2Fv2%2Fpages%2F9591\">\r\n\t\t\t\t<input type=\"hidden\" name=\"rest_route\" value=\"\/wp\/v2\/pages\/9591\"><input type=\"hidden\" name=\"mod\" value=\"list\"><input type=\"hidden\" name=\"pageid\" value=\"1\"><input type=\"hidden\" name=\"kboard_list_sort_remember\" value=\"1\">\t\t\t\t\r\n\t\t\t\t<select name=\"kboard_list_sort\" onchange=\"jQuery('#kboard-sort-form-1').submit();\">\r\n\t\t\t\t\t<option value=\"newest\" selected>\ucd5c\uc2e0\uc21c<\/option>\r\n\t\t\t\t\t<option value=\"best\">\ucd94\ucc9c\uc21c<\/option>\r\n\t\t\t\t\t<option value=\"viewed\">\uc870\ud68c\uc21c<\/option>\r\n\t\t\t\t\t<option value=\"updated\">\uc5c5\ub370\uc774\ud2b8\uc21c<\/option>\r\n\t\t\t\t<\/select>\r\n\t\t\t<\/form>\r\n\t\t<\/div>\r\n\t<\/div>\r\n\t<!-- \uac8c\uc2dc\ud310 \uc815\ubcf4 \ub05d -->\r\n\t\r\n\t<!-- \uce74\ud14c\uace0\ub9ac \uc2dc\uc791 -->\r\n\t\t<!-- \uce74\ud14c\uace0\ub9ac \ub05d -->\r\n\t\r\n\t<!-- \ub9ac\uc2a4\ud2b8 \uc2dc\uc791 -->\r\n\t<div class=\"kboard-list\">\r\n\t\t<table>\r\n\t\t\t<thead>\r\n\t\t\t\t<tr>\r\n\t\t\t\t\t<td class=\"kboard-list-uid\">\ubc88\ud638<\/td>\r\n\t\t\t\t\t<td class=\"kboard-list-title\">\uc81c\ubaa9<\/td>\r\n\t\t\t\t\t<td class=\"kboard-list-user\">\uc791\uc131\uc790<\/td>\r\n\t\t\t\t\t<td class=\"kboard-list-date\">\uc791\uc131\uc77c<\/td>\r\n\t\t\t\t\t<td class=\"kboard-list-vote\">\ucd94\ucc9c<\/td>\r\n\t\t\t\t\t<td class=\"kboard-list-view\">\uc870\ud68c<\/td>\r\n\t\t\t\t<\/tr>\r\n\t\t\t<\/thead>\r\n\t\t\t<tbody>\r\n\t\t\t\t\t\t\t\t\t\t\t\t\t\t\t\t<tr class=\"\">\r\n\t\t\t\t\t<td class=\"kboard-list-uid\">1<\/td>\r\n\t\t\t\t\t<td class=\"kboard-list-title\">\r\n\t\t\t\t\t\t<a href=\"\/index.php?rest_route=%2Fwp%2Fv2%2Fpages%2F9591&#038;uid=2&#038;mod=document\">\r\n\t\t\t\t\t\t\t<div class=\"kboard-default-cut-strings\">\r\n\t\t\t\t\t\t\t\t\t\t\t\t\t\t\t\t\t\t\t\t\t\t\t\t\uace0\uac1d\ub2d8\uc758 \uc18c\uc911\ud55c \uc758\uacac\uc744 \uc8fc\uc154\uc11c \uac10\uc0ac\ud569\ub2c8\ub2e4.\t\t\t\t\t\t\t\t<span class=\"kboard-comments-count\"><\/span>\r\n\t\t\t\t\t\t\t<\/div>\r\n\t\t\t\t\t\t<\/a>\r\n\t\t\t\t\t\t<div class=\"kboard-mobile-contents\">\r\n\t\t\t\t\t\t\t<span class=\"contents-item kboard-user\">\uad00\ub9ac\uc790<\/span>\r\n\t\t\t\t\t\t\t<span class=\"contents-separator kboard-date\">|<\/span>\r\n\t\t\t\t\t\t\t<span class=\"contents-item kboard-date\">2025.02.08<\/span>\r\n\t\t\t\t\t\t\t<span class=\"contents-separator kboard-vote\">|<\/span>\r\n\t\t\t\t\t\t\t<span class=\"contents-item kboard-vote\">\ucd94\ucc9c 0<\/span>\r\n\t\t\t\t\t\t\t<span class=\"contents-separator kboard-view\">|<\/span>\r\n\t\t\t\t\t\t\t<span class=\"contents-item kboard-view\">\uc870\ud68c 162<\/span>\r\n\t\t\t\t\t\t<\/div>\r\n\t\t\t\t\t<\/td>\r\n\t\t\t\t\t<td class=\"kboard-list-user\">\uad00\ub9ac\uc790<\/td>\r\n\t\t\t\t\t<td class=\"kboard-list-date\">2025.02.08<\/td>\r\n\t\t\t\t\t<td class=\"kboard-list-vote\">0<\/td>\r\n\t\t\t\t\t<td class=\"kboard-list-view\">162<\/td>\r\n\t\t\t\t<\/tr>\r\n\t\t\t\t\t\t\t\t\t\t\t<\/tbody>\r\n\t\t<\/table>\r\n\t<\/div>\r\n\t<!-- \ub9ac\uc2a4\ud2b8 \ub05d -->\r\n\t\r\n\t<!-- \ud398\uc774\uc9d5 \uc2dc\uc791 -->\r\n\t<div class=\"kboard-pagination\">\r\n\t\t<ul class=\"kboard-pagination-pages\">\r\n\t\t\t<li class=\"active\"><a href=\"?pageid=1&rest_route=%2Fwp%2Fv2%2Fpages%2F9591&mod=list\" onclick=\"return false\">1<\/a><\/li>\t\t<\/ul>\r\n\t<\/div>\r\n\t<!-- \ud398\uc774\uc9d5 \ub05d -->\r\n\t\r\n\t<!-- \uac80\uc0c9\ud3fc \uc2dc\uc791 -->\r\n\t<div class=\"kboard-search\">\r\n\t\t<form id=\"kboard-search-form-1\" method=\"get\" action=\"\/index.php?rest_route=%2Fwp%2Fv2%2Fpages%2F9591\">\r\n\t\t\t<input type=\"hidden\" name=\"rest_route\" value=\"\/wp\/v2\/pages\/9591\"><input type=\"hidden\" name=\"mod\" value=\"list\"><input type=\"hidden\" name=\"pageid\" value=\"1\">\t\t\t\r\n\t\t\t<select name=\"target\">\r\n\t\t\t\t<option value=\"\">\uc804\uccb4<\/option>\r\n\t\t\t\t<option value=\"title\">\uc81c\ubaa9<\/option>\r\n\t\t\t\t<option value=\"content\">\ub0b4\uc6a9<\/option>\r\n\t\t\t\t<option value=\"member_display\">\uc791\uc131\uc790<\/option>\r\n\t\t\t<\/select>\r\n\t\t\t<input type=\"text\" name=\"keyword\" value=\"\">\r\n\t\t\t<button type=\"submit\" class=\"kboard-default-button-small\">\uac80\uc0c9<\/button>\r\n\t\t<\/form>\r\n\t<\/div>\r\n\t<!-- \uac80\uc0c9\ud3fc \ub05d -->\r\n\t\r\n\t\t\r\n\t\t<div class=\"kboard-default-poweredby\">\r\n\t\t<a href=\"https:\/\/www.cosmosfarm.com\/products\/kboard\" onclick=\"window.open(this.href);return false;\" title=\"\uc758\ubbf8\uc788\ub294 \uc6cc\ub4dc\ud504\ub808\uc2a4 \uac8c\uc2dc\ud310\">Powered by KBoard<\/a>\r\n\t<\/div>\r\n\t<\/div><\/div>\n\t\t\t\t\t\t<\/div>\n\t\t\t\t<\/div>\n\t\t\t\t\t<\/div>\n\t\t<\/div>\n\t\t\t\t\t<\/div>\n\t\t<\/section>\n\t\t\t\t<\/div>\n\t\t","protected":false},"excerpt":{"rendered":"<p>H\u1ed7 tr\u1ee3 kh\u00e1ch h\u00e0ng Chia s\u1ebb s\u1ef1 ch\u00e2n th\u00e0nh v\u1edbi kh\u00e1ch h\u00e0ng v\u00e0 x\u00e2y d\u1ef1ng ni\u1ec1m tin. C\u1ea3m \u01a1n qu\u00fd [&hellip;]<\/p>\n","protected":false},"author":1,"featured_media":0,"parent":0,"menu_order":0,"comment_status":"closed","ping_status":"closed","template":"elementor_header_footer","meta":{"site-sidebar-layout":"no-sidebar","site-content-layout":"page-builder","ast-site-content-layout":"full-width-container","site-content-style":"default","site-sidebar-style":"default","ast-global-header-display":"","ast-banner-title-visibility":"","ast-main-header-display":"","ast-hfb-above-header-display":"","ast-hfb-below-header-display":"","ast-hfb-mobile-header-display":"","site-post-title":"disabled","ast-breadcrumbs-content":"","ast-featured-img":"disabled","footer-sml-layout":"","theme-transparent-header-meta":"","adv-header-id-meta":"","stick-header-meta":"","header-above-stick-meta":"","header-main-stick-meta":"","header-below-stick-meta":"","astra-migrate-meta-layouts":"default","ast-page-background-enabled":"default","ast-page-background-meta":{"desktop":{"background-color":"var(--ast-global-color-4)","background-image":"","background-repeat":"repeat","background-position":"center center","background-size":"auto","background-attachment":"scroll","background-type":"","background-media":"","overlay-type":"","overlay-color":"","overlay-opacity":"","overlay-gradient":""},"tablet":{"background-color":"","background-image":"","background-repeat":"repeat","background-position":"center center","background-size":"auto","background-attachment":"scroll","background-type":"","background-media":"","overlay-type":"","overlay-color":"","overlay-opacity":"","overlay-gradient":""},"mobile":{"background-color":"","background-image":"","background-repeat":"repeat","background-position":"center center","background-size":"auto","background-attachment":"scroll","background-type":"","background-media":"","overlay-type":"","overlay-color":"","overlay-opacity":"","overlay-gradient":""}},"ast-content-background-meta":{"desktop":{"background-color":"var(--ast-global-color-5)","background-image":"","background-repeat":"repeat","background-position":"center center","background-size":"auto","background-attachment":"scroll","background-type":"","background-media":"","overlay-type":"","overlay-color":"","overlay-opacity":"","overlay-gradient":""},"tablet":{"background-color":"var(--ast-global-color-5)","background-image":"","background-repeat":"repeat","background-position":"center center","background-size":"auto","background-attachment":"scroll","background-type":"","background-media":"","overlay-type":"","overlay-color":"","overlay-opacity":"","overlay-gradient":""},"mobile":{"background-color":"var(--ast-global-color-5)","background-image":"","background-repeat":"repeat","background-position":"center center","background-size":"auto","background-attachment":"scroll","background-type":"","background-media":"","overlay-type":"","overlay-color":"","overlay-opacity":"","overlay-gradient":""}},"footnotes":""},"class_list":["post-9591","page","type-page","status-publish","hentry"],"_links":{"self":[{"href":"https:\/\/asiaglobal.kr\/index.php?rest_route=\/wp\/v2\/pages\/9591","targetHints":{"allow":["GET"]}}],"collection":[{"href":"https:\/\/asiaglobal.kr\/index.php?rest_route=\/wp\/v2\/pages"}],"about":[{"href":"https:\/\/asiaglobal.kr\/index.php?rest_route=\/wp\/v2\/types\/page"}],"author":[{"embeddable":true,"href":"https:\/\/asiaglobal.kr\/index.php?rest_route=\/wp\/v2\/users\/1"}],"replies":[{"embeddable":true,"href":"https:\/\/asiaglobal.kr\/index.php?rest_route=%2Fwp%2Fv2%2Fcomments&post=9591"}],"version-history":[{"count":10,"href":"https:\/\/asiaglobal.kr\/index.php?rest_route=\/wp\/v2\/pages\/9591\/revisions"}],"predecessor-version":[{"id":9781,"href":"https:\/\/asiaglobal.kr\/index.php?rest_route=\/wp\/v2\/pages\/9591\/revisions\/9781"}],"wp:attachment":[{"href":"https:\/\/asiaglobal.kr\/index.php?rest_route=%2Fwp%2Fv2%2Fmedia&parent=9591"}],"curies":[{"name":"wp","href":"https:\/\/api.w.org\/{rel}","templated":true}]}}