{"id":9597,"date":"2025-10-14T22:46:48","date_gmt":"2025-10-14T13:46:48","guid":{"rendered":"https:\/\/asiaglobal.kr\/?page_id=9597"},"modified":"2025-10-15T00:34:04","modified_gmt":"2025-10-14T15:34:04","slug":"%ec%98%a4%ec%8b%9c%eb%8a%94-%ea%b8%b8-vi","status":"publish","type":"page","link":"https:\/\/asiaglobal.kr\/?page_id=9597&lang=vi","title":{"rendered":"\uc624\uc2dc\ub294 \uae38 Vi"},"content":{"rendered":"\t\t<div data-elementor-type=\"wp-page\" data-elementor-id=\"9597\" class=\"elementor elementor-9597\" data-elementor-post-type=\"page\">\n\t\t\t\t\t\t<section class=\"elementor-section elementor-top-section elementor-element elementor-element-474077d0 elementor-section-full_width elementor-section-height-min-height elementor-section-content-middle animated-slow elementor-section-height-default elementor-section-items-middle elementor-invisible\" data-id=\"474077d0\" data-element_type=\"section\" data-settings=\"{&quot;background_background&quot;:&quot;classic&quot;,&quot;motion_fx_motion_fx_scrolling&quot;:&quot;yes&quot;,&quot;animation&quot;:&quot;fadeIn&quot;,&quot;motion_fx_devices&quot;:[&quot;desktop&quot;,&quot;tablet&quot;,&quot;mobile&quot;]}\">\n\t\t\t\t\t\t\t<div class=\"elementor-background-overlay\"><\/div>\n\t\t\t\t\t\t\t<div class=\"elementor-container elementor-column-gap-no\">\n\t\t\t\t\t<div class=\"elementor-column elementor-col-100 elementor-top-column elementor-element elementor-element-6df1c57b\" data-id=\"6df1c57b\" data-element_type=\"column\">\n\t\t\t<div class=\"elementor-widget-wrap elementor-element-populated\">\n\t\t\t\t\t\t<div class=\"elementor-element elementor-element-11556094 animated-slow elementor-invisible elementor-widget elementor-widget-heading\" data-id=\"11556094\" data-element_type=\"widget\" data-settings=\"{&quot;_animation&quot;:&quot;fadeInUp&quot;}\" data-widget_type=\"heading.default\">\n\t\t\t\t<div class=\"elementor-widget-container\">\n\t\t\t\t\t<h1 class=\"elementor-heading-title elementor-size-default\">C\u00d4NG TY<\/h1>\t\t\t\t<\/div>\n\t\t\t\t<\/div>\n\t\t\t\t<div class=\"elementor-element elementor-element-2b5ae99e animated-slow elementor-invisible elementor-widget elementor-widget-text-editor\" data-id=\"2b5ae99e\" data-element_type=\"widget\" data-settings=\"{&quot;_animation&quot;:&quot;fadeInUp&quot;,&quot;_animation_delay&quot;:400}\" data-widget_type=\"text-editor.default\">\n\t\t\t\t<div class=\"elementor-widget-container\">\n\t\t\t\t\t\t\t\t\t<p>Chia s\u1ebb s\u1ef1 ch\u00e2n th\u00e0nh v\u1edbi kh\u00e1ch h\u00e0ng v\u00e0 x\u00e2y d\u1ef1ng ni\u1ec1m tin.<\/p>\t\t\t\t\t\t\t\t<\/div>\n\t\t\t\t<\/div>\n\t\t\t\t\t<\/div>\n\t\t<\/div>\n\t\t\t\t\t<\/div>\n\t\t<\/section>\n\t\t\t\t<section class=\"elementor-section elementor-top-section elementor-element elementor-element-e36283 elementor-section-full_width elementor-section-height-default elementor-section-height-default\" data-id=\"e36283\" data-element_type=\"section\">\n\t\t\t\t\t\t<div class=\"elementor-container elementor-column-gap-default\">\n\t\t\t\t\t<div class=\"elementor-column elementor-col-100 elementor-top-column elementor-element elementor-element-6ec7516a\" data-id=\"6ec7516a\" data-element_type=\"column\" data-settings=\"{&quot;motion_fx_motion_fx_scrolling&quot;:&quot;yes&quot;,&quot;motion_fx_devices&quot;:[&quot;desktop&quot;,&quot;tablet&quot;,&quot;mobile&quot;]}\">\n\t\t\t<div class=\"elementor-widget-wrap elementor-element-populated\">\n\t\t\t\t\t\t<div class=\"elementor-element elementor-element-6107ca17 elementor-nav-menu__align-center elementor-nav-menu--dropdown-none elementor-widget elementor-widget-nav-menu\" data-id=\"6107ca17\" data-element_type=\"widget\" data-settings=\"{&quot;submenu_icon&quot;:{&quot;value&quot;:&quot;&lt;i class=\\&quot;fas fa-chevron-down\\&quot;&gt;&lt;\\\/i&gt;&quot;,&quot;library&quot;:&quot;fa-solid&quot;},&quot;_animation&quot;:&quot;none&quot;,&quot;layout&quot;:&quot;horizontal&quot;}\" data-widget_type=\"nav-menu.default\">\n\t\t\t\t<div class=\"elementor-widget-container\">\n\t\t\t\t\t\t\t\t<nav aria-label=\"Menu\" class=\"elementor-nav-menu--main elementor-nav-menu__container elementor-nav-menu--layout-horizontal e--pointer-underline e--animation-none\">\n\t\t\t\t<ul id=\"menu-1-6107ca17\" class=\"elementor-nav-menu\"><li class=\"menu-item menu-item-type-post_type menu-item-object-page menu-item-9671\"><a href=\"https:\/\/asiaglobal.kr\/?page_id=9600&#038;lang=vi\" class=\"elementor-item menu-link\">L\u1eddi ch\u00e0o<\/a><\/li>\n<li class=\"menu-item menu-item-type-post_type menu-item-object-page menu-item-9672\"><a href=\"https:\/\/asiaglobal.kr\/?page_id=9596&#038;lang=vi\" class=\"elementor-item menu-link\">L\u00fd l\u1ecbch v\u00e0 gi\u1ea5y ph\u00e9p<\/a><\/li>\n<li class=\"menu-item menu-item-type-post_type menu-item-object-page menu-item-9673\"><a href=\"https:\/\/asiaglobal.kr\/?page_id=9597&#038;lang=vi\" class=\"elementor-item menu-link\">H\u01b0\u1edbng d\u1eabn \u0111\u01b0\u1eddng \u0111i<\/a><\/li>\n<\/ul>\t\t\t<\/nav>\n\t\t\t\t\t\t<nav class=\"elementor-nav-menu--dropdown elementor-nav-menu__container\" aria-hidden=\"true\">\n\t\t\t\t<ul id=\"menu-2-6107ca17\" class=\"elementor-nav-menu\"><li class=\"menu-item menu-item-type-post_type menu-item-object-page menu-item-9671\"><a href=\"https:\/\/asiaglobal.kr\/?page_id=9600&#038;lang=vi\" class=\"elementor-item menu-link\" tabindex=\"-1\">L\u1eddi ch\u00e0o<\/a><\/li>\n<li class=\"menu-item menu-item-type-post_type menu-item-object-page menu-item-9672\"><a href=\"https:\/\/asiaglobal.kr\/?page_id=9596&#038;lang=vi\" class=\"elementor-item menu-link\" tabindex=\"-1\">L\u00fd l\u1ecbch v\u00e0 gi\u1ea5y ph\u00e9p<\/a><\/li>\n<li class=\"menu-item menu-item-type-post_type menu-item-object-page menu-item-9673\"><a href=\"https:\/\/asiaglobal.kr\/?page_id=9597&#038;lang=vi\" class=\"elementor-item menu-link\" tabindex=\"-1\">H\u01b0\u1edbng d\u1eabn \u0111\u01b0\u1eddng \u0111i<\/a><\/li>\n<\/ul>\t\t\t<\/nav>\n\t\t\t\t\t\t<\/div>\n\t\t\t\t<\/div>\n\t\t\t\t\t<\/div>\n\t\t<\/div>\n\t\t\t\t\t<\/div>\n\t\t<\/section>\n\t\t\t\t<section class=\"elementor-section elementor-top-section elementor-element elementor-element-8069b7f elementor-section-boxed elementor-section-height-default elementor-section-height-default\" data-id=\"8069b7f\" data-element_type=\"section\">\n\t\t\t\t\t\t<div class=\"elementor-container elementor-column-gap-default\">\n\t\t\t\t\t<div class=\"elementor-column elementor-col-100 elementor-top-column elementor-element elementor-element-db4ea17\" data-id=\"db4ea17\" data-element_type=\"column\">\n\t\t\t<div class=\"elementor-widget-wrap elementor-element-populated\">\n\t\t\t\t\t\t<div class=\"elementor-element elementor-element-5e3d19f elementor-widget elementor-widget-image\" data-id=\"5e3d19f\" data-element_type=\"widget\" data-widget_type=\"image.default\">\n\t\t\t\t<div class=\"elementor-widget-container\">\n\t\t\t\t\t\t\t\t\t\t\t\t\t\t\t<img fetchpriority=\"high\" decoding=\"async\" width=\"1920\" height=\"400\" src=\"https:\/\/asiaglobal.kr\/wp-content\/uploads\/2025\/10\/\ud68c\uc0ac-\uc624\uc2dc\ub294-\uae38-Vi.jpg\" class=\"attachment-full size-full wp-image-9681\" alt=\"\" srcset=\"https:\/\/asiaglobal.kr\/wp-content\/uploads\/2025\/10\/\ud68c\uc0ac-\uc624\uc2dc\ub294-\uae38-Vi.jpg 1920w, https:\/\/asiaglobal.kr\/wp-content\/uploads\/2025\/10\/\ud68c\uc0ac-\uc624\uc2dc\ub294-\uae38-Vi-300x63.jpg 300w, https:\/\/asiaglobal.kr\/wp-content\/uploads\/2025\/10\/\ud68c\uc0ac-\uc624\uc2dc\ub294-\uae38-Vi-1024x213.jpg 1024w, https:\/\/asiaglobal.kr\/wp-content\/uploads\/2025\/10\/\ud68c\uc0ac-\uc624\uc2dc\ub294-\uae38-Vi-768x160.jpg 768w, https:\/\/asiaglobal.kr\/wp-content\/uploads\/2025\/10\/\ud68c\uc0ac-\uc624\uc2dc\ub294-\uae38-Vi-1536x320.jpg 1536w\" sizes=\"(max-width: 1920px) 100vw, 1920px\" \/>\t\t\t\t\t\t\t\t\t\t\t\t\t\t\t<\/div>\n\t\t\t\t<\/div>\n\t\t\t\t\t<\/div>\n\t\t<\/div>\n\t\t\t\t\t<\/div>\n\t\t<\/section>\n\t\t\t\t<section class=\"elementor-section elementor-top-section elementor-element elementor-element-4606ba38 elementor-section-boxed elementor-section-height-default elementor-section-height-default\" data-id=\"4606ba38\" data-element_type=\"section\">\n\t\t\t\t\t\t<div class=\"elementor-container elementor-column-gap-default\">\n\t\t\t\t\t<div class=\"elementor-column elementor-col-100 elementor-top-column elementor-element elementor-element-795dfe90\" data-id=\"795dfe90\" data-element_type=\"column\">\n\t\t\t<div class=\"elementor-widget-wrap elementor-element-populated\">\n\t\t\t\t\t\t<div class=\"elementor-element elementor-element-361882bf elementor-widget elementor-widget-spacer\" data-id=\"361882bf\" data-element_type=\"widget\" data-widget_type=\"spacer.default\">\n\t\t\t\t<div class=\"elementor-widget-container\">\n\t\t\t\t\t\t\t<div class=\"elementor-spacer\">\n\t\t\t<div class=\"elementor-spacer-inner\"><\/div>\n\t\t<\/div>\n\t\t\t\t\t\t<\/div>\n\t\t\t\t<\/div>\n\t\t\t\t\t<\/div>\n\t\t<\/div>\n\t\t\t\t\t<\/div>\n\t\t<\/section>\n\t\t\t\t<section class=\"elementor-section elementor-top-section elementor-element elementor-element-1443b794 elementor-section-full_width elementor-section-height-default elementor-section-height-default\" data-id=\"1443b794\" data-element_type=\"section\">\n\t\t\t\t\t\t<div class=\"elementor-container elementor-column-gap-no\">\n\t\t\t\t\t<div class=\"elementor-column elementor-col-100 elementor-top-column elementor-element elementor-element-66c314c4\" data-id=\"66c314c4\" data-element_type=\"column\">\n\t\t\t<div class=\"elementor-widget-wrap elementor-element-populated\">\n\t\t\t\t\t\t<section class=\"elementor-section elementor-inner-section elementor-element elementor-element-13ec2854 elementor-section-content-middle elementor-section-boxed elementor-section-height-default elementor-section-height-default\" data-id=\"13ec2854\" data-element_type=\"section\" data-settings=\"{&quot;animation&quot;:&quot;none&quot;,&quot;animation_delay&quot;:300,&quot;animation_tablet&quot;:&quot;none&quot;,&quot;animation_mobile&quot;:&quot;none&quot;}\">\n\t\t\t\t\t\t<div class=\"elementor-container elementor-column-gap-default\">\n\t\t\t\t\t<div class=\"elementor-column elementor-col-33 elementor-inner-column elementor-element elementor-element-84d63f2\" data-id=\"84d63f2\" data-element_type=\"column\">\n\t\t\t<div class=\"elementor-widget-wrap elementor-element-populated\">\n\t\t\t\t\t\t<div class=\"elementor-element elementor-element-39f267e elementor-widget elementor-widget-heading\" data-id=\"39f267e\" data-element_type=\"widget\" data-widget_type=\"heading.default\">\n\t\t\t\t<div class=\"elementor-widget-container\">\n\t\t\t\t\t<h6 class=\"elementor-heading-title elementor-size-default\">Location<\/h6>\t\t\t\t<\/div>\n\t\t\t\t<\/div>\n\t\t\t\t<div class=\"elementor-element elementor-element-5d86411 elementor-widget elementor-widget-text-editor\" data-id=\"5d86411\" data-element_type=\"widget\" data-widget_type=\"text-editor.default\">\n\t\t\t\t<div class=\"elementor-widget-container\">\n\t\t\t\t\t\t\t\t\t<p>\uc11c\uc6b8\uc2dc \uc885\ub85c\uad6c \uc0bc\ubd09\ub85c 81<br \/>\ub450\uc0b0\uc704\ube0c\ud30c\ube4c\ub9ac\uc628 1314\ud638<span class=\"Apple-converted-space\">\u00a0<\/span><\/p>\t\t\t\t\t\t\t\t<\/div>\n\t\t\t\t<\/div>\n\t\t\t\t\t<\/div>\n\t\t<\/div>\n\t\t\t\t<div class=\"elementor-column elementor-col-33 elementor-inner-column elementor-element elementor-element-79ba154a\" data-id=\"79ba154a\" data-element_type=\"column\">\n\t\t\t<div class=\"elementor-widget-wrap elementor-element-populated\">\n\t\t\t\t\t\t<div class=\"elementor-element elementor-element-73ec4832 elementor-widget elementor-widget-heading\" data-id=\"73ec4832\" data-element_type=\"widget\" data-widget_type=\"heading.default\">\n\t\t\t\t<div class=\"elementor-widget-container\">\n\t\t\t\t\t<h6 class=\"elementor-heading-title elementor-size-default\">Our hours<\/h6>\t\t\t\t<\/div>\n\t\t\t\t<\/div>\n\t\t\t\t<div class=\"elementor-element elementor-element-d4feac0 elementor-widget elementor-widget-text-editor\" data-id=\"d4feac0\" data-element_type=\"widget\" data-widget_type=\"text-editor.default\">\n\t\t\t\t<div class=\"elementor-widget-container\">\n\t\t\t\t\t\t\t\t\t<p>09:00 AM &#8211; 18:00 PM<br \/>Monday &#8211; Sunday<\/p>\t\t\t\t\t\t\t\t<\/div>\n\t\t\t\t<\/div>\n\t\t\t\t\t<\/div>\n\t\t<\/div>\n\t\t\t\t<div class=\"elementor-column elementor-col-33 elementor-inner-column elementor-element elementor-element-3b0bfea3\" data-id=\"3b0bfea3\" data-element_type=\"column\">\n\t\t\t<div class=\"elementor-widget-wrap elementor-element-populated\">\n\t\t\t\t\t\t<div class=\"elementor-element elementor-element-7621ccca elementor-widget elementor-widget-heading\" data-id=\"7621ccca\" data-element_type=\"widget\" data-widget_type=\"heading.default\">\n\t\t\t\t<div class=\"elementor-widget-container\">\n\t\t\t\t\t<h6 class=\"elementor-heading-title elementor-size-default\">Contact us<\/h6>\t\t\t\t<\/div>\n\t\t\t\t<\/div>\n\t\t\t\t<div class=\"elementor-element elementor-element-d282b49 elementor-widget elementor-widget-text-editor\" data-id=\"d282b49\" data-element_type=\"widget\" data-widget_type=\"text-editor.default\">\n\t\t\t\t<div class=\"elementor-widget-container\">\n\t\t\t\t\t\t\t\t\t<p>Phone: 1522-6040<br \/>Email: ohsh6411@gmail.com<\/p>\t\t\t\t\t\t\t\t<\/div>\n\t\t\t\t<\/div>\n\t\t\t\t\t<\/div>\n\t\t<\/div>\n\t\t\t\t\t<\/div>\n\t\t<\/section>\n\t\t\t\t\t<\/div>\n\t\t<\/div>\n\t\t\t\t\t<\/div>\n\t\t<\/section>\n\t\t\t\t<section class=\"elementor-section elementor-top-section elementor-element elementor-element-4cc5bc24 elementor-section-content-middle elementor-section-boxed elementor-section-height-default elementor-section-height-default\" data-id=\"4cc5bc24\" data-element_type=\"section\">\n\t\t\t\t\t\t\t<div class=\"elementor-background-overlay\"><\/div>\n\t\t\t\t\t\t\t<div class=\"elementor-container elementor-column-gap-custom\">\n\t\t\t\t\t<div class=\"elementor-column elementor-col-100 elementor-top-column elementor-element elementor-element-594e6233\" data-id=\"594e6233\" data-element_type=\"column\">\n\t\t\t<div class=\"elementor-widget-wrap elementor-element-populated\">\n\t\t\t\t\t\t<div class=\"elementor-element elementor-element-c0cd68f elementor-widget elementor-widget-spacer\" data-id=\"c0cd68f\" data-element_type=\"widget\" data-widget_type=\"spacer.default\">\n\t\t\t\t<div class=\"elementor-widget-container\">\n\t\t\t\t\t\t\t<div class=\"elementor-spacer\">\n\t\t\t<div class=\"elementor-spacer-inner\"><\/div>\n\t\t<\/div>\n\t\t\t\t\t\t<\/div>\n\t\t\t\t<\/div>\n\t\t\t\t<div class=\"elementor-element elementor-element-38a544ce elementor-widget elementor-widget-google_maps\" data-id=\"38a544ce\" data-element_type=\"widget\" data-widget_type=\"google_maps.default\">\n\t\t\t\t<div class=\"elementor-widget-container\">\n\t\t\t\t\t\t\t<div class=\"elementor-custom-embed\">\n\t\t\t<iframe loading=\"lazy\"\n\t\t\t\t\tsrc=\"https:\/\/maps.google.com\/maps?q=%EC%84%9C%EC%9A%B8%EC%8B%9C%20%EC%A2%85%EB%A1%9C%EA%B5%AC%20%EC%82%BC%EB%B4%89%EB%A1%9C%2081%20%EB%91%90%EC%82%B0%EC%9C%84%EB%B8%8C%ED%8C%8C%EB%B9%8C%EB%A6%AC%EC%98%A8%201314%ED%98%B8%20&#038;t=m&#038;z=15&#038;output=embed&#038;iwloc=near\"\n\t\t\t\t\ttitle=\"\uc11c\uc6b8\uc2dc \uc885\ub85c\uad6c \uc0bc\ubd09\ub85c 81 \ub450\uc0b0\uc704\ube0c\ud30c\ube4c\ub9ac\uc628 1314\ud638 \"\n\t\t\t\t\taria-label=\"\uc11c\uc6b8\uc2dc \uc885\ub85c\uad6c \uc0bc\ubd09\ub85c 81 \ub450\uc0b0\uc704\ube0c\ud30c\ube4c\ub9ac\uc628 1314\ud638 \"\n\t\t\t><\/iframe>\n\t\t<\/div>\n\t\t\t\t\t\t<\/div>\n\t\t\t\t<\/div>\n\t\t\t\t\t<\/div>\n\t\t<\/div>\n\t\t\t\t\t<\/div>\n\t\t<\/section>\n\t\t\t\t<\/div>\n\t\t","protected":false},"excerpt":{"rendered":"<p>C\u00d4NG TY Chia s\u1ebb s\u1ef1 ch\u00e2n th\u00e0nh v\u1edbi kh\u00e1ch h\u00e0ng v\u00e0 x\u00e2y d\u1ef1ng ni\u1ec1m tin. Location \uc11c\uc6b8\uc2dc \uc885\ub85c\uad6c \uc0bc\ubd09\ub85c 81\ub450\uc0b0\uc704\ube0c\ud30c\ube4c\ub9ac\uc628 [&hellip;]<\/p>\n","protected":false},"author":1,"featured_media":0,"parent":0,"menu_order":0,"comment_status":"closed","ping_status":"closed","template":"","meta":{"site-sidebar-layout":"no-sidebar","site-content-layout":"page-builder","ast-site-content-layout":"full-width-container","site-content-style":"default","site-sidebar-style":"default","ast-global-header-display":"","ast-banner-title-visibility":"","ast-main-header-display":"","ast-hfb-above-header-display":"","ast-hfb-below-header-display":"","ast-hfb-mobile-header-display":"","site-post-title":"disabled","ast-breadcrumbs-content":"","ast-featured-img":"disabled","footer-sml-layout":"","theme-transparent-header-meta":"","adv-header-id-meta":"","stick-header-meta":"","header-above-stick-meta":"","header-main-stick-meta":"","header-below-stick-meta":"","astra-migrate-meta-layouts":"default","ast-page-background-enabled":"default","ast-page-background-meta":{"desktop":{"background-color":"var(--ast-global-color-4)","background-image":"","background-repeat":"repeat","background-position":"center center","background-size":"auto","background-attachment":"scroll","background-type":"","background-media":"","overlay-type":"","overlay-color":"","overlay-opacity":"","overlay-gradient":""},"tablet":{"background-color":"","background-image":"","background-repeat":"repeat","background-position":"center center","background-size":"auto","background-attachment":"scroll","background-type":"","background-media":"","overlay-type":"","overlay-color":"","overlay-opacity":"","overlay-gradient":""},"mobile":{"background-color":"","background-image":"","background-repeat":"repeat","background-position":"center center","background-size":"auto","background-attachment":"scroll","background-type":"","background-media":"","overlay-type":"","overlay-color":"","overlay-opacity":"","overlay-gradient":""}},"ast-content-background-meta":{"desktop":{"background-color":"var(--ast-global-color-5)","background-image":"","background-repeat":"repeat","background-position":"center center","background-size":"auto","background-attachment":"scroll","background-type":"","background-media":"","overlay-type":"","overlay-color":"","overlay-opacity":"","overlay-gradient":""},"tablet":{"background-color":"var(--ast-global-color-5)","background-image":"","background-repeat":"repeat","background-position":"center center","background-size":"auto","background-attachment":"scroll","background-type":"","background-media":"","overlay-type":"","overlay-color":"","overlay-opacity":"","overlay-gradient":""},"mobile":{"background-color":"var(--ast-global-color-5)","background-image":"","background-repeat":"repeat","background-position":"center center","background-size":"auto","background-attachment":"scroll","background-type":"","background-media":"","overlay-type":"","overlay-color":"","overlay-opacity":"","overlay-gradient":""}},"footnotes":""},"class_list":["post-9597","page","type-page","status-publish","hentry"],"_links":{"self":[{"href":"https:\/\/asiaglobal.kr\/index.php?rest_route=\/wp\/v2\/pages\/9597","targetHints":{"allow":["GET"]}}],"collection":[{"href":"https:\/\/asiaglobal.kr\/index.php?rest_route=\/wp\/v2\/pages"}],"about":[{"href":"https:\/\/asiaglobal.kr\/index.php?rest_route=\/wp\/v2\/types\/page"}],"author":[{"embeddable":true,"href":"https:\/\/asiaglobal.kr\/index.php?rest_route=\/wp\/v2\/users\/1"}],"replies":[{"embeddable":true,"href":"https:\/\/asiaglobal.kr\/index.php?rest_route=%2Fwp%2Fv2%2Fcomments&post=9597"}],"version-history":[{"count":7,"href":"https:\/\/asiaglobal.kr\/index.php?rest_route=\/wp\/v2\/pages\/9597\/revisions"}],"predecessor-version":[{"id":9691,"href":"https:\/\/asiaglobal.kr\/index.php?rest_route=\/wp\/v2\/pages\/9597\/revisions\/9691"}],"wp:attachment":[{"href":"https:\/\/asiaglobal.kr\/index.php?rest_route=%2Fwp%2Fv2%2Fmedia&parent=9597"}],"curies":[{"name":"wp","href":"https:\/\/api.w.org\/{rel}","templated":true}]}}