{"id":9598,"date":"2025-10-14T22:46:54","date_gmt":"2025-10-14T13:46:54","guid":{"rendered":"https:\/\/asiaglobal.kr\/?page_id=9598"},"modified":"2025-10-15T17:24:36","modified_gmt":"2025-10-15T08:24:36","slug":"%ec%98%a8%eb%9d%bc%ec%9d%b8-%eb%ac%b8%ec%9d%98-vi","status":"publish","type":"page","link":"https:\/\/asiaglobal.kr\/?page_id=9598&lang=vi","title":{"rendered":"\uc628\ub77c\uc778 \ubb38\uc758 Vi"},"content":{"rendered":"\t\t<div data-elementor-type=\"wp-page\" data-elementor-id=\"9598\" class=\"elementor elementor-9598\" data-elementor-post-type=\"page\">\n\t\t\t\t\t\t<section class=\"elementor-section elementor-top-section elementor-element elementor-element-5f594f35 elementor-section-full_width elementor-section-height-min-height elementor-section-content-middle animated-slow elementor-section-height-default elementor-section-items-middle elementor-invisible\" data-id=\"5f594f35\" data-element_type=\"section\" data-settings=\"{&quot;background_background&quot;:&quot;classic&quot;,&quot;motion_fx_motion_fx_scrolling&quot;:&quot;yes&quot;,&quot;animation&quot;:&quot;fadeIn&quot;,&quot;motion_fx_devices&quot;:[&quot;desktop&quot;,&quot;tablet&quot;,&quot;mobile&quot;]}\">\n\t\t\t\t\t\t\t<div class=\"elementor-background-overlay\"><\/div>\n\t\t\t\t\t\t\t<div class=\"elementor-container elementor-column-gap-no\">\n\t\t\t\t\t<div class=\"elementor-column elementor-col-100 elementor-top-column elementor-element elementor-element-11935ffa\" data-id=\"11935ffa\" data-element_type=\"column\">\n\t\t\t<div class=\"elementor-widget-wrap elementor-element-populated\">\n\t\t\t\t\t\t<div class=\"elementor-element elementor-element-37d15955 animated-slow elementor-invisible elementor-widget elementor-widget-heading\" data-id=\"37d15955\" data-element_type=\"widget\" data-settings=\"{&quot;_animation&quot;:&quot;fadeInUp&quot;}\" data-widget_type=\"heading.default\">\n\t\t\t\t<div class=\"elementor-widget-container\">\n\t\t\t\t\t<h1 class=\"elementor-heading-title elementor-size-default\">Li\u00ean h\u1ec7<\/h1>\t\t\t\t<\/div>\n\t\t\t\t<\/div>\n\t\t\t\t<div class=\"elementor-element elementor-element-57819c03 animated-slow elementor-invisible elementor-widget elementor-widget-text-editor\" data-id=\"57819c03\" data-element_type=\"widget\" data-settings=\"{&quot;_animation&quot;:&quot;fadeInUp&quot;,&quot;_animation_delay&quot;:400}\" data-widget_type=\"text-editor.default\">\n\t\t\t\t<div class=\"elementor-widget-container\">\n\t\t\t\t\t\t\t\t\t<p>Chia s\u1ebb s\u1ef1 ch\u00e2n th\u00e0nh v\u1edbi kh\u00e1ch h\u00e0ng v\u00e0 x\u00e2y d\u1ef1ng ni\u1ec1m tin.<\/p>\t\t\t\t\t\t\t\t<\/div>\n\t\t\t\t<\/div>\n\t\t\t\t\t<\/div>\n\t\t<\/div>\n\t\t\t\t\t<\/div>\n\t\t<\/section>\n\t\t\t\t<section class=\"elementor-section elementor-top-section elementor-element elementor-element-2b0c1f66 elementor-section-full_width elementor-section-height-default elementor-section-height-default\" data-id=\"2b0c1f66\" data-element_type=\"section\">\n\t\t\t\t\t\t<div class=\"elementor-container elementor-column-gap-default\">\n\t\t\t\t\t<div class=\"elementor-column elementor-col-100 elementor-top-column elementor-element elementor-element-183ef81c\" data-id=\"183ef81c\" data-element_type=\"column\" data-settings=\"{&quot;motion_fx_motion_fx_scrolling&quot;:&quot;yes&quot;,&quot;motion_fx_devices&quot;:[&quot;desktop&quot;,&quot;tablet&quot;,&quot;mobile&quot;]}\">\n\t\t\t<div class=\"elementor-widget-wrap elementor-element-populated\">\n\t\t\t\t\t\t<div class=\"elementor-element elementor-element-322f5977 elementor-nav-menu__align-center elementor-nav-menu--dropdown-none elementor-widget elementor-widget-nav-menu\" data-id=\"322f5977\" data-element_type=\"widget\" data-settings=\"{&quot;submenu_icon&quot;:{&quot;value&quot;:&quot;&lt;i class=\\&quot;fas fa-chevron-down\\&quot;&gt;&lt;\\\/i&gt;&quot;,&quot;library&quot;:&quot;fa-solid&quot;},&quot;_animation&quot;:&quot;none&quot;,&quot;layout&quot;:&quot;horizontal&quot;}\" data-widget_type=\"nav-menu.default\">\n\t\t\t\t<div class=\"elementor-widget-container\">\n\t\t\t\t\t\t\t\t<nav aria-label=\"Menu\" class=\"elementor-nav-menu--main elementor-nav-menu__container elementor-nav-menu--layout-horizontal e--pointer-underline e--animation-none\">\n\t\t\t\t<ul id=\"menu-1-322f5977\" class=\"elementor-nav-menu\"><li class=\"menu-item menu-item-type-post_type menu-item-object-page menu-item-9773\"><a href=\"https:\/\/asiaglobal.kr\/?page_id=9598&#038;lang=vi\" class=\"elementor-item menu-link\">Li\u00ean h\u1ec7<\/a><\/li>\n<\/ul>\t\t\t<\/nav>\n\t\t\t\t\t\t<nav class=\"elementor-nav-menu--dropdown elementor-nav-menu__container\" aria-hidden=\"true\">\n\t\t\t\t<ul id=\"menu-2-322f5977\" class=\"elementor-nav-menu\"><li class=\"menu-item menu-item-type-post_type menu-item-object-page menu-item-9773\"><a href=\"https:\/\/asiaglobal.kr\/?page_id=9598&#038;lang=vi\" class=\"elementor-item menu-link\" tabindex=\"-1\">Li\u00ean h\u1ec7<\/a><\/li>\n<\/ul>\t\t\t<\/nav>\n\t\t\t\t\t\t<\/div>\n\t\t\t\t<\/div>\n\t\t\t\t\t<\/div>\n\t\t<\/div>\n\t\t\t\t\t<\/div>\n\t\t<\/section>\n\t\t\t\t<section class=\"elementor-section elementor-top-section elementor-element elementor-element-61b9664 elementor-section-boxed elementor-section-height-default elementor-section-height-default\" data-id=\"61b9664\" data-element_type=\"section\">\n\t\t\t\t\t\t<div class=\"elementor-container elementor-column-gap-default\">\n\t\t\t\t\t<div class=\"elementor-column elementor-col-100 elementor-top-column elementor-element elementor-element-b0257c4\" data-id=\"b0257c4\" data-element_type=\"column\">\n\t\t\t<div class=\"elementor-widget-wrap elementor-element-populated\">\n\t\t\t\t\t\t<div class=\"elementor-element elementor-element-3bd64fb elementor-widget elementor-widget-image\" data-id=\"3bd64fb\" data-element_type=\"widget\" data-widget_type=\"image.default\">\n\t\t\t\t<div class=\"elementor-widget-container\">\n\t\t\t\t\t\t\t\t\t\t\t\t\t\t\t<img fetchpriority=\"high\" decoding=\"async\" width=\"1920\" height=\"400\" src=\"https:\/\/asiaglobal.kr\/wp-content\/uploads\/2025\/10\/\ubb38\uc758-Vi-1.jpg\" class=\"attachment-full size-full wp-image-9792\" alt=\"\" srcset=\"https:\/\/asiaglobal.kr\/wp-content\/uploads\/2025\/10\/\ubb38\uc758-Vi-1.jpg 1920w, https:\/\/asiaglobal.kr\/wp-content\/uploads\/2025\/10\/\ubb38\uc758-Vi-1-300x63.jpg 300w, https:\/\/asiaglobal.kr\/wp-content\/uploads\/2025\/10\/\ubb38\uc758-Vi-1-1024x213.jpg 1024w, https:\/\/asiaglobal.kr\/wp-content\/uploads\/2025\/10\/\ubb38\uc758-Vi-1-768x160.jpg 768w, https:\/\/asiaglobal.kr\/wp-content\/uploads\/2025\/10\/\ubb38\uc758-Vi-1-1536x320.jpg 1536w\" sizes=\"(max-width: 1920px) 100vw, 1920px\" \/>\t\t\t\t\t\t\t\t\t\t\t\t\t\t\t<\/div>\n\t\t\t\t<\/div>\n\t\t\t\t\t<\/div>\n\t\t<\/div>\n\t\t\t\t\t<\/div>\n\t\t<\/section>\n\t\t\t\t<section class=\"elementor-section elementor-top-section elementor-element elementor-element-38c5af44 elementor-section-boxed elementor-section-height-default elementor-section-height-default\" data-id=\"38c5af44\" data-element_type=\"section\">\n\t\t\t\t\t\t<div class=\"elementor-container elementor-column-gap-default\">\n\t\t\t\t\t<div class=\"elementor-column elementor-col-100 elementor-top-column elementor-element elementor-element-12235392\" data-id=\"12235392\" data-element_type=\"column\">\n\t\t\t<div class=\"elementor-widget-wrap elementor-element-populated\">\n\t\t\t\t\t\t<div class=\"elementor-element elementor-element-784649d2 elementor-widget elementor-widget-spacer\" data-id=\"784649d2\" data-element_type=\"widget\" data-widget_type=\"spacer.default\">\n\t\t\t\t<div class=\"elementor-widget-container\">\n\t\t\t\t\t\t\t<div class=\"elementor-spacer\">\n\t\t\t<div class=\"elementor-spacer-inner\"><\/div>\n\t\t<\/div>\n\t\t\t\t\t\t<\/div>\n\t\t\t\t<\/div>\n\t\t\t\t\t<\/div>\n\t\t<\/div>\n\t\t\t\t\t<\/div>\n\t\t<\/section>\n\t\t\t\t<section class=\"elementor-section elementor-top-section elementor-element elementor-element-782335f6 elementor-section-boxed elementor-section-height-default elementor-section-height-default\" data-id=\"782335f6\" data-element_type=\"section\" data-settings=\"{&quot;animation&quot;:&quot;none&quot;,&quot;animation_delay&quot;:100}\">\n\t\t\t\t\t\t<div class=\"elementor-container elementor-column-gap-default\">\n\t\t\t\t\t<div class=\"elementor-column elementor-col-100 elementor-top-column elementor-element elementor-element-4bf287ac\" data-id=\"4bf287ac\" data-element_type=\"column\">\n\t\t\t<div class=\"elementor-widget-wrap elementor-element-populated\">\n\t\t\t\t\t\t<div class=\"elementor-element elementor-element-5df38879 animated-slow elementor-widget elementor-widget-heading\" data-id=\"5df38879\" data-element_type=\"widget\" data-settings=\"{&quot;_animation_mobile&quot;:&quot;none&quot;,&quot;_animation&quot;:&quot;none&quot;,&quot;_animation_delay&quot;:300}\" data-widget_type=\"heading.default\">\n\t\t\t\t<div class=\"elementor-widget-container\">\n\t\t\t\t\t<h2 class=\"elementor-heading-title elementor-size-medium\">Vui l\u00f2ng ghi r\u00f5 c\u00e1c th\u1eafc m\u1eafc ho\u1eb7c y\u00eau c\u1ea7u d\u1ef1 \u00e1n c\u1ee7a b\u1ea1n.<br>\nNh\u00e2n vi\u00ean ph\u1ee5 tr\u00e1ch s\u1ebd ki\u1ec3m tra v\u00e0 h\u1ee9a ph\u1ea3n h\u1ed3i nhanh ch\u00f3ng.<\/h2>\t\t\t\t<\/div>\n\t\t\t\t<\/div>\n\t\t\t\t\t<\/div>\n\t\t<\/div>\n\t\t\t\t\t<\/div>\n\t\t<\/section>\n\t\t\t\t<section class=\"elementor-section elementor-top-section elementor-element elementor-element-5365fb9 elementor-section-boxed elementor-section-height-default elementor-section-height-default\" data-id=\"5365fb9\" data-element_type=\"section\">\n\t\t\t\t\t\t<div class=\"elementor-container elementor-column-gap-default\">\n\t\t\t\t\t<div class=\"elementor-column elementor-col-100 elementor-top-column elementor-element elementor-element-66f617d\" data-id=\"66f617d\" data-element_type=\"column\">\n\t\t\t<div class=\"elementor-widget-wrap elementor-element-populated\">\n\t\t\t\t\t\t<div class=\"elementor-element elementor-element-b4de64f elementor-widget elementor-widget-spacer\" data-id=\"b4de64f\" data-element_type=\"widget\" data-widget_type=\"spacer.default\">\n\t\t\t\t<div class=\"elementor-widget-container\">\n\t\t\t\t\t\t\t<div class=\"elementor-spacer\">\n\t\t\t<div class=\"elementor-spacer-inner\"><\/div>\n\t\t<\/div>\n\t\t\t\t\t\t<\/div>\n\t\t\t\t<\/div>\n\t\t\t\t\t<\/div>\n\t\t<\/div>\n\t\t\t\t\t<\/div>\n\t\t<\/section>\n\t\t\t\t<section class=\"elementor-section elementor-top-section elementor-element elementor-element-c64e8a0 elementor-section-boxed elementor-section-height-default elementor-section-height-default\" data-id=\"c64e8a0\" data-element_type=\"section\">\n\t\t\t\t\t\t<div class=\"elementor-container elementor-column-gap-default\">\n\t\t\t\t\t<div class=\"elementor-column elementor-col-100 elementor-top-column elementor-element elementor-element-7af0a04\" data-id=\"7af0a04\" data-element_type=\"column\">\n\t\t\t<div class=\"elementor-widget-wrap elementor-element-populated\">\n\t\t\t\t\t\t<div class=\"elementor-element elementor-element-ba69055 elementor-widget elementor-widget-shortcode\" data-id=\"ba69055\" data-element_type=\"widget\" data-widget_type=\"shortcode.default\">\n\t\t\t\t<div class=\"elementor-widget-container\">\n\t\t\t\t\t\t\t<div class=\"elementor-shortcode\"><div id=\"kboard-default-list\">\r\n\t\r\n\t<!-- \uac8c\uc2dc\ud310 \uc815\ubcf4 \uc2dc\uc791 -->\r\n\t<div class=\"kboard-list-header\">\r\n\t\t\t\t\t<div class=\"kboard-total-count\">\r\n\t\t\t\t\uc804\uccb4 4\t\t\t<\/div>\r\n\t\t\t\t\r\n\t\t<div class=\"kboard-sort\">\r\n\t\t\t<form id=\"kboard-sort-form-5\" method=\"get\" action=\"\/index.php?rest_route=%2Fwp%2Fv2%2Fpages%2F9598\">\r\n\t\t\t\t<input type=\"hidden\" name=\"rest_route\" value=\"\/wp\/v2\/pages\/9598\"><input type=\"hidden\" name=\"mod\" value=\"list\"><input type=\"hidden\" name=\"pageid\" value=\"1\"><input type=\"hidden\" name=\"kboard_list_sort_remember\" value=\"5\">\t\t\t\t\r\n\t\t\t\t<select name=\"kboard_list_sort\" onchange=\"jQuery('#kboard-sort-form-5').submit();\">\r\n\t\t\t\t\t<option value=\"newest\" selected>\ucd5c\uc2e0\uc21c<\/option>\r\n\t\t\t\t\t<option value=\"best\">\ucd94\ucc9c\uc21c<\/option>\r\n\t\t\t\t\t<option value=\"viewed\">\uc870\ud68c\uc21c<\/option>\r\n\t\t\t\t\t<option value=\"updated\">\uc5c5\ub370\uc774\ud2b8\uc21c<\/option>\r\n\t\t\t\t<\/select>\r\n\t\t\t<\/form>\r\n\t\t<\/div>\r\n\t<\/div>\r\n\t<!-- \uac8c\uc2dc\ud310 \uc815\ubcf4 \ub05d -->\r\n\t\r\n\t<!-- \uce74\ud14c\uace0\ub9ac \uc2dc\uc791 -->\r\n\t<div class=\"kboard-category category-mobile\">\r\n\t<form id=\"kboard-category-form-5\" method=\"get\" action=\"\/index.php?rest_route=%2Fwp%2Fv2%2Fpages%2F9598\">\r\n\t\t<input type=\"hidden\" name=\"rest_route\" value=\"\/wp\/v2\/pages\/9598\"><input type=\"hidden\" name=\"mod\" value=\"list\"><input type=\"hidden\" name=\"pageid\" value=\"1\">\t\t\r\n\t\t\t\t\t<select name=\"category1\" onchange=\"jQuery('#kboard-category-form-5').submit();\">\r\n\t\t\t\t<option value=\"\">\uc804\uccb4<\/option>\r\n\t\t\t\t\t\t\t\t<option value=\"\ud55c\uad6d\uc5b4\">\ud55c\uad6d\uc5b4<\/option>\r\n\t\t\t\t\t\t\t\t<option value=\"Ti\u1ebfng Vi\u1ec7t\">Ti\u1ebfng Vi\u1ec7t<\/option>\r\n\t\t\t\t\t\t\t<\/select>\r\n\t\t\t\t\r\n\t\t\t\t\r\n\t\t\t\t\r\n\t\t\t\t\r\n\t\t\t<\/form>\r\n<\/div>\r\n\r\n<div class=\"kboard-category category-pc\">\r\n\t\t\t<ul class=\"kboard-category-list\">\r\n\t\t\t<li class=\"kboard-category-selected\"><a href=\"\/index.php?rest_route=%2Fwp%2Fv2%2Fpages%2F9598&#038;mod=list\">\uc804\uccb4<\/a><\/li>\r\n\t\t\t\t\t\t<li>\r\n\t\t\t\t<a href=\"\/index.php?rest_route=%2Fwp%2Fv2%2Fpages%2F9598&#038;category1=%ED%95%9C%EA%B5%AD%EC%96%B4&#038;mod=list\">\ud55c\uad6d\uc5b4<\/a>\r\n\t\t\t<\/li>\r\n\t\t\t\t\t\t<li>\r\n\t\t\t\t<a href=\"\/index.php?rest_route=%2Fwp%2Fv2%2Fpages%2F9598&#038;category1=Ti%E1%BA%BFng+Vi%E1%BB%87t&#038;mod=list\">Ti\u1ebfng Vi\u1ec7t<\/a>\r\n\t\t\t<\/li>\r\n\t\t\t\t\t<\/ul>\r\n\t\t\r\n\t\t\r\n\t\t\r\n\t\t\r\n\t<\/div>\t<!-- \uce74\ud14c\uace0\ub9ac \ub05d -->\r\n\t\r\n\t<!-- \ub9ac\uc2a4\ud2b8 \uc2dc\uc791 -->\r\n\t<div class=\"kboard-list\">\r\n\t\t<table>\r\n\t\t\t<thead>\r\n\t\t\t\t<tr>\r\n\t\t\t\t\t<td class=\"kboard-list-uid\">\ubc88\ud638<\/td>\r\n\t\t\t\t\t<td class=\"kboard-list-title\">\uc81c\ubaa9<\/td>\r\n\t\t\t\t\t<td class=\"kboard-list-user\">\uc791\uc131\uc790<\/td>\r\n\t\t\t\t\t<td class=\"kboard-list-date\">\uc791\uc131\uc77c<\/td>\r\n\t\t\t\t\t<td class=\"kboard-list-vote\">\ucd94\ucc9c<\/td>\r\n\t\t\t\t\t<td class=\"kboard-list-view\">\uc870\ud68c<\/td>\r\n\t\t\t\t<\/tr>\r\n\t\t\t<\/thead>\r\n\t\t\t<tbody>\r\n\t\t\t\t\t\t\t\t\t\t\t\t\t\t\t\t<tr class=\"\">\r\n\t\t\t\t\t<td class=\"kboard-list-uid\">4<\/td>\r\n\t\t\t\t\t<td class=\"kboard-list-title\">\r\n\t\t\t\t\t\t<a href=\"\/index.php?rest_route=%2Fwp%2Fv2%2Fpages%2F9598&#038;uid=13&#038;mod=document\">\r\n\t\t\t\t\t\t\t<div class=\"kboard-default-cut-strings\">\r\n\t\t\t\t\t\t\t\t\t\t\t\t\t\t\t\t<img decoding=\"async\" src=\"https:\/\/asiaglobal.kr\/wp-content\/plugins\/kboard\/skin\/default\/images\/icon-lock.png\" alt=\"\ube44\ubc00\uae00\">\t\t\t\t\t\t\t\t\ub4f1\uae30 \uc11c\ub958 \ubc88\uc5ed \uacf5\uc99d \ubb38\uc758 (\uce84\ubcf4\ub514\uc544\uc5b4 --&gt; \ud55c\uad6d\uc5b4)\t\t\t\t\t\t\t\t<span class=\"kboard-comments-count\"><\/span>\r\n\t\t\t\t\t\t\t<\/div>\r\n\t\t\t\t\t\t<\/a>\r\n\t\t\t\t\t\t<div class=\"kboard-mobile-contents\">\r\n\t\t\t\t\t\t\t<span class=\"contents-item kboard-user\">\uace0\ub300\uc601<\/span>\r\n\t\t\t\t\t\t\t<span class=\"contents-separator kboard-date\">|<\/span>\r\n\t\t\t\t\t\t\t<span class=\"contents-item kboard-date\">2026.01.02<\/span>\r\n\t\t\t\t\t\t\t<span class=\"contents-separator kboard-vote\">|<\/span>\r\n\t\t\t\t\t\t\t<span class=\"contents-item kboard-vote\">\ucd94\ucc9c 0<\/span>\r\n\t\t\t\t\t\t\t<span class=\"contents-separator kboard-view\">|<\/span>\r\n\t\t\t\t\t\t\t<span class=\"contents-item kboard-view\">\uc870\ud68c 4<\/span>\r\n\t\t\t\t\t\t<\/div>\r\n\t\t\t\t\t<\/td>\r\n\t\t\t\t\t<td class=\"kboard-list-user\">\uace0\ub300\uc601<\/td>\r\n\t\t\t\t\t<td class=\"kboard-list-date\">2026.01.02<\/td>\r\n\t\t\t\t\t<td class=\"kboard-list-vote\">0<\/td>\r\n\t\t\t\t\t<td class=\"kboard-list-view\">4<\/td>\r\n\t\t\t\t<\/tr>\r\n\t\t\t\t\t\t\t\t\t\t\t\t<tr class=\"\">\r\n\t\t\t\t\t<td class=\"kboard-list-uid\">3<\/td>\r\n\t\t\t\t\t<td class=\"kboard-list-title\">\r\n\t\t\t\t\t\t<a href=\"\/index.php?rest_route=%2Fwp%2Fv2%2Fpages%2F9598&#038;uid=12&#038;mod=document\">\r\n\t\t\t\t\t\t\t<div class=\"kboard-default-cut-strings\">\r\n\t\t\t\t\t\t\t\t\t\t\t\t\t\t\t\t\t\t\t\t\t\t\t\t\ubca0\ud2b8\ub0a8\uc5b4\t\t\t\t\t\t\t\t<span class=\"kboard-comments-count\"><\/span>\r\n\t\t\t\t\t\t\t<\/div>\r\n\t\t\t\t\t\t<\/a>\r\n\t\t\t\t\t\t<div class=\"kboard-mobile-contents\">\r\n\t\t\t\t\t\t\t<span class=\"contents-item kboard-user\">\uad00\ub9ac\uc790<\/span>\r\n\t\t\t\t\t\t\t<span class=\"contents-separator kboard-date\">|<\/span>\r\n\t\t\t\t\t\t\t<span class=\"contents-item kboard-date\">2025.10.15<\/span>\r\n\t\t\t\t\t\t\t<span class=\"contents-separator kboard-vote\">|<\/span>\r\n\t\t\t\t\t\t\t<span class=\"contents-item kboard-vote\">\ucd94\ucc9c 0<\/span>\r\n\t\t\t\t\t\t\t<span class=\"contents-separator kboard-view\">|<\/span>\r\n\t\t\t\t\t\t\t<span class=\"contents-item kboard-view\">\uc870\ud68c 147<\/span>\r\n\t\t\t\t\t\t<\/div>\r\n\t\t\t\t\t<\/td>\r\n\t\t\t\t\t<td class=\"kboard-list-user\">\uad00\ub9ac\uc790<\/td>\r\n\t\t\t\t\t<td class=\"kboard-list-date\">2025.10.15<\/td>\r\n\t\t\t\t\t<td class=\"kboard-list-vote\">0<\/td>\r\n\t\t\t\t\t<td class=\"kboard-list-view\">147<\/td>\r\n\t\t\t\t<\/tr>\r\n\t\t\t\t\t\t\t\t\t\t\t\t<tr class=\"\">\r\n\t\t\t\t\t<td class=\"kboard-list-uid\">2<\/td>\r\n\t\t\t\t\t<td class=\"kboard-list-title\">\r\n\t\t\t\t\t\t<a href=\"\/index.php?rest_route=%2Fwp%2Fv2%2Fpages%2F9598&#038;uid=11&#038;mod=document\">\r\n\t\t\t\t\t\t\t<div class=\"kboard-default-cut-strings\">\r\n\t\t\t\t\t\t\t\t\t\t\t\t\t\t\t\t\t\t\t\t\t\t\t\t\uc5b8\uc5b4 \uc120\ud0dd\t\t\t\t\t\t\t\t<span class=\"kboard-comments-count\"><\/span>\r\n\t\t\t\t\t\t\t<\/div>\r\n\t\t\t\t\t\t<\/a>\r\n\t\t\t\t\t\t<div class=\"kboard-mobile-contents\">\r\n\t\t\t\t\t\t\t<span class=\"contents-item kboard-user\">\uad00\ub9ac\uc790<\/span>\r\n\t\t\t\t\t\t\t<span class=\"contents-separator kboard-date\">|<\/span>\r\n\t\t\t\t\t\t\t<span class=\"contents-item kboard-date\">2025.10.15<\/span>\r\n\t\t\t\t\t\t\t<span class=\"contents-separator kboard-vote\">|<\/span>\r\n\t\t\t\t\t\t\t<span class=\"contents-item kboard-vote\">\ucd94\ucc9c 0<\/span>\r\n\t\t\t\t\t\t\t<span class=\"contents-separator kboard-view\">|<\/span>\r\n\t\t\t\t\t\t\t<span class=\"contents-item kboard-view\">\uc870\ud68c 129<\/span>\r\n\t\t\t\t\t\t<\/div>\r\n\t\t\t\t\t<\/td>\r\n\t\t\t\t\t<td class=\"kboard-list-user\">\uad00\ub9ac\uc790<\/td>\r\n\t\t\t\t\t<td class=\"kboard-list-date\">2025.10.15<\/td>\r\n\t\t\t\t\t<td class=\"kboard-list-vote\">0<\/td>\r\n\t\t\t\t\t<td class=\"kboard-list-view\">129<\/td>\r\n\t\t\t\t<\/tr>\r\n\t\t\t\t\t\t\t\t\t\t\t\t<tr class=\"\">\r\n\t\t\t\t\t<td class=\"kboard-list-uid\">1<\/td>\r\n\t\t\t\t\t<td class=\"kboard-list-title\">\r\n\t\t\t\t\t\t<a href=\"\/index.php?rest_route=%2Fwp%2Fv2%2Fpages%2F9598&#038;uid=6&#038;mod=document\">\r\n\t\t\t\t\t\t\t<div class=\"kboard-default-cut-strings\">\r\n\t\t\t\t\t\t\t\t\t\t\t\t\t\t\t\t\t\t\t\t\t\t\t\t\ud14c\uc2a4\ud2b8 \uc9c8\ubb38\uc785\ub2c8\ub2e4\t\t\t\t\t\t\t\t<span class=\"kboard-comments-count\">(1)<\/span>\r\n\t\t\t\t\t\t\t<\/div>\r\n\t\t\t\t\t\t<\/a>\r\n\t\t\t\t\t\t<div class=\"kboard-mobile-contents\">\r\n\t\t\t\t\t\t\t<span class=\"contents-item kboard-user\">\ube44\ud68c\uc6d0<\/span>\r\n\t\t\t\t\t\t\t<span class=\"contents-separator kboard-date\">|<\/span>\r\n\t\t\t\t\t\t\t<span class=\"contents-item kboard-date\">2025.09.02<\/span>\r\n\t\t\t\t\t\t\t<span class=\"contents-separator kboard-vote\">|<\/span>\r\n\t\t\t\t\t\t\t<span class=\"contents-item kboard-vote\">\ucd94\ucc9c 0<\/span>\r\n\t\t\t\t\t\t\t<span class=\"contents-separator kboard-view\">|<\/span>\r\n\t\t\t\t\t\t\t<span class=\"contents-item kboard-view\">\uc870\ud68c 114<\/span>\r\n\t\t\t\t\t\t<\/div>\r\n\t\t\t\t\t<\/td>\r\n\t\t\t\t\t<td class=\"kboard-list-user\">\ube44\ud68c\uc6d0<\/td>\r\n\t\t\t\t\t<td class=\"kboard-list-date\">2025.09.02<\/td>\r\n\t\t\t\t\t<td class=\"kboard-list-vote\">0<\/td>\r\n\t\t\t\t\t<td class=\"kboard-list-view\">114<\/td>\r\n\t\t\t\t<\/tr>\r\n\t\t\t\t\t\t\t\t\t\t\t<\/tbody>\r\n\t\t<\/table>\r\n\t<\/div>\r\n\t<!-- \ub9ac\uc2a4\ud2b8 \ub05d -->\r\n\t\r\n\t<!-- \ud398\uc774\uc9d5 \uc2dc\uc791 -->\r\n\t<div class=\"kboard-pagination\">\r\n\t\t<ul class=\"kboard-pagination-pages\">\r\n\t\t\t<li class=\"active\"><a href=\"?pageid=1&rest_route=%2Fwp%2Fv2%2Fpages%2F9598&mod=list\" onclick=\"return false\">1<\/a><\/li>\t\t<\/ul>\r\n\t<\/div>\r\n\t<!-- \ud398\uc774\uc9d5 \ub05d -->\r\n\t\r\n\t<!-- \uac80\uc0c9\ud3fc \uc2dc\uc791 -->\r\n\t<div class=\"kboard-search\">\r\n\t\t<form id=\"kboard-search-form-5\" method=\"get\" action=\"\/index.php?rest_route=%2Fwp%2Fv2%2Fpages%2F9598\">\r\n\t\t\t<input type=\"hidden\" name=\"rest_route\" value=\"\/wp\/v2\/pages\/9598\"><input type=\"hidden\" name=\"mod\" value=\"list\"><input type=\"hidden\" name=\"pageid\" value=\"1\">\t\t\t\r\n\t\t\t<select name=\"target\">\r\n\t\t\t\t<option value=\"\">\uc804\uccb4<\/option>\r\n\t\t\t\t<option value=\"title\">\uc81c\ubaa9<\/option>\r\n\t\t\t\t<option value=\"content\">\ub0b4\uc6a9<\/option>\r\n\t\t\t\t<option value=\"member_display\">\uc791\uc131\uc790<\/option>\r\n\t\t\t<\/select>\r\n\t\t\t<input type=\"text\" name=\"keyword\" value=\"\">\r\n\t\t\t<button type=\"submit\" class=\"kboard-default-button-small\">\uac80\uc0c9<\/button>\r\n\t\t<\/form>\r\n\t<\/div>\r\n\t<!-- \uac80\uc0c9\ud3fc \ub05d -->\r\n\t\r\n\t\t<!-- \ubc84\ud2bc \uc2dc\uc791 -->\r\n\t<div class=\"kboard-control\">\r\n\t\t<a href=\"\/index.php?rest_route=%2Fwp%2Fv2%2Fpages%2F9598&#038;mod=editor\" class=\"kboard-default-button-small\">\uae00\uc4f0\uae30<\/a>\r\n\t<\/div>\r\n\t<!-- \ubc84\ud2bc \ub05d -->\r\n\t\t\r\n\t\t<div class=\"kboard-default-poweredby\">\r\n\t\t<a href=\"https:\/\/www.cosmosfarm.com\/products\/kboard\" onclick=\"window.open(this.href);return false;\" title=\"\uc758\ubbf8\uc788\ub294 \uc6cc\ub4dc\ud504\ub808\uc2a4 \uac8c\uc2dc\ud310\">Powered by KBoard<\/a>\r\n\t<\/div>\r\n\t<\/div><\/div>\n\t\t\t\t\t\t<\/div>\n\t\t\t\t<\/div>\n\t\t\t\t\t<\/div>\n\t\t<\/div>\n\t\t\t\t\t<\/div>\n\t\t<\/section>\n\t\t\t\t<\/div>\n\t\t","protected":false},"excerpt":{"rendered":"<p>Li\u00ean h\u1ec7 Chia s\u1ebb s\u1ef1 ch\u00e2n th\u00e0nh v\u1edbi kh\u00e1ch h\u00e0ng v\u00e0 x\u00e2y d\u1ef1ng ni\u1ec1m tin. Vui l\u00f2ng ghi r\u00f5 c\u00e1c [&hellip;]<\/p>\n","protected":false},"author":1,"featured_media":0,"parent":0,"menu_order":0,"comment_status":"closed","ping_status":"closed","template":"elementor_header_footer","meta":{"site-sidebar-layout":"no-sidebar","site-content-layout":"page-builder","ast-site-content-layout":"full-width-container","site-content-style":"default","site-sidebar-style":"default","ast-global-header-display":"","ast-banner-title-visibility":"","ast-main-header-display":"","ast-hfb-above-header-display":"","ast-hfb-below-header-display":"","ast-hfb-mobile-header-display":"","site-post-title":"disabled","ast-breadcrumbs-content":"","ast-featured-img":"disabled","footer-sml-layout":"","theme-transparent-header-meta":"","adv-header-id-meta":"","stick-header-meta":"","header-above-stick-meta":"","header-main-stick-meta":"","header-below-stick-meta":"","astra-migrate-meta-layouts":"default","ast-page-background-enabled":"default","ast-page-background-meta":{"desktop":{"background-color":"var(--ast-global-color-4)","background-image":"","background-repeat":"repeat","background-position":"center center","background-size":"auto","background-attachment":"scroll","background-type":"","background-media":"","overlay-type":"","overlay-color":"","overlay-opacity":"","overlay-gradient":""},"tablet":{"background-color":"","background-image":"","background-repeat":"repeat","background-position":"center center","background-size":"auto","background-attachment":"scroll","background-type":"","background-media":"","overlay-type":"","overlay-color":"","overlay-opacity":"","overlay-gradient":""},"mobile":{"background-color":"","background-image":"","background-repeat":"repeat","background-position":"center center","background-size":"auto","background-attachment":"scroll","background-type":"","background-media":"","overlay-type":"","overlay-color":"","overlay-opacity":"","overlay-gradient":""}},"ast-content-background-meta":{"desktop":{"background-color":"var(--ast-global-color-5)","background-image":"","background-repeat":"repeat","background-position":"center center","background-size":"auto","background-attachment":"scroll","background-type":"","background-media":"","overlay-type":"","overlay-color":"","overlay-opacity":"","overlay-gradient":""},"tablet":{"background-color":"var(--ast-global-color-5)","background-image":"","background-repeat":"repeat","background-position":"center center","background-size":"auto","background-attachment":"scroll","background-type":"","background-media":"","overlay-type":"","overlay-color":"","overlay-opacity":"","overlay-gradient":""},"mobile":{"background-color":"var(--ast-global-color-5)","background-image":"","background-repeat":"repeat","background-position":"center center","background-size":"auto","background-attachment":"scroll","background-type":"","background-media":"","overlay-type":"","overlay-color":"","overlay-opacity":"","overlay-gradient":""}},"footnotes":""},"class_list":["post-9598","page","type-page","status-publish","hentry"],"_links":{"self":[{"href":"https:\/\/asiaglobal.kr\/index.php?rest_route=\/wp\/v2\/pages\/9598","targetHints":{"allow":["GET"]}}],"collection":[{"href":"https:\/\/asiaglobal.kr\/index.php?rest_route=\/wp\/v2\/pages"}],"about":[{"href":"https:\/\/asiaglobal.kr\/index.php?rest_route=\/wp\/v2\/types\/page"}],"author":[{"embeddable":true,"href":"https:\/\/asiaglobal.kr\/index.php?rest_route=\/wp\/v2\/users\/1"}],"replies":[{"embeddable":true,"href":"https:\/\/asiaglobal.kr\/index.php?rest_route=%2Fwp%2Fv2%2Fcomments&post=9598"}],"version-history":[{"count":13,"href":"https:\/\/asiaglobal.kr\/index.php?rest_route=\/wp\/v2\/pages\/9598\/revisions"}],"predecessor-version":[{"id":9801,"href":"https:\/\/asiaglobal.kr\/index.php?rest_route=\/wp\/v2\/pages\/9598\/revisions\/9801"}],"wp:attachment":[{"href":"https:\/\/asiaglobal.kr\/index.php?rest_route=%2Fwp%2Fv2%2Fmedia&parent=9598"}],"curies":[{"name":"wp","href":"https:\/\/api.w.org\/{rel}","templated":true}]}}