{"id":9599,"date":"2025-10-14T22:47:01","date_gmt":"2025-10-14T13:47:01","guid":{"rendered":"https:\/\/asiaglobal.kr\/?page_id=9599"},"modified":"2025-10-15T22:10:59","modified_gmt":"2025-10-15T13:10:59","slug":"%ec%9c%a0%ed%95%99-vi","status":"publish","type":"page","link":"https:\/\/asiaglobal.kr\/?page_id=9599&lang=vi","title":{"rendered":"\uc720\ud559 Vi"},"content":{"rendered":"\t\t<div data-elementor-type=\"wp-page\" data-elementor-id=\"9599\" class=\"elementor elementor-9599\" data-elementor-post-type=\"page\">\n\t\t\t\t\t\t<section class=\"elementor-section elementor-top-section elementor-element elementor-element-81c31ec elementor-section-full_width elementor-section-height-min-height elementor-section-content-middle animated-slow elementor-section-height-default elementor-section-items-middle elementor-invisible\" data-id=\"81c31ec\" data-element_type=\"section\" data-settings=\"{&quot;background_background&quot;:&quot;classic&quot;,&quot;motion_fx_motion_fx_scrolling&quot;:&quot;yes&quot;,&quot;animation&quot;:&quot;fadeIn&quot;,&quot;motion_fx_devices&quot;:[&quot;desktop&quot;,&quot;tablet&quot;,&quot;mobile&quot;]}\">\n\t\t\t\t\t\t\t<div class=\"elementor-background-overlay\"><\/div>\n\t\t\t\t\t\t\t<div class=\"elementor-container elementor-column-gap-no\">\n\t\t\t\t\t<div class=\"elementor-column elementor-col-100 elementor-top-column elementor-element elementor-element-d79738b\" data-id=\"d79738b\" data-element_type=\"column\">\n\t\t\t<div class=\"elementor-widget-wrap elementor-element-populated\">\n\t\t\t\t\t\t<div class=\"elementor-element elementor-element-f4bd465 animated-slow elementor-invisible elementor-widget elementor-widget-heading\" data-id=\"f4bd465\" data-element_type=\"widget\" data-settings=\"{&quot;_animation&quot;:&quot;fadeInUp&quot;}\" data-widget_type=\"heading.default\">\n\t\t\t\t<div class=\"elementor-widget-container\">\n\t\t\t\t\t<h1 class=\"elementor-heading-title elementor-size-default\">C\u00f4ng vi\u1ec7c<\/h1>\t\t\t\t<\/div>\n\t\t\t\t<\/div>\n\t\t\t\t<div class=\"elementor-element elementor-element-7abd676 animated-slow elementor-invisible elementor-widget elementor-widget-text-editor\" data-id=\"7abd676\" data-element_type=\"widget\" data-settings=\"{&quot;_animation&quot;:&quot;fadeInUp&quot;,&quot;_animation_delay&quot;:400}\" data-widget_type=\"text-editor.default\">\n\t\t\t\t<div class=\"elementor-widget-container\">\n\t\t\t\t\t\t\t\t\t<p>Chia s\u1ebb s\u1ef1 ch\u00e2n th\u00e0nh v\u1edbi kh\u00e1ch h\u00e0ng v\u00e0 x\u00e2y d\u1ef1ng ni\u1ec1m tin.<\/p>\t\t\t\t\t\t\t\t<\/div>\n\t\t\t\t<\/div>\n\t\t\t\t\t<\/div>\n\t\t<\/div>\n\t\t\t\t\t<\/div>\n\t\t<\/section>\n\t\t\t\t<section class=\"elementor-section elementor-top-section elementor-element elementor-element-7eda195 elementor-section-full_width elementor-section-height-default elementor-section-height-default\" data-id=\"7eda195\" data-element_type=\"section\">\n\t\t\t\t\t\t<div class=\"elementor-container elementor-column-gap-default\">\n\t\t\t\t\t<div class=\"elementor-column elementor-col-100 elementor-top-column elementor-element elementor-element-91d6556\" data-id=\"91d6556\" data-element_type=\"column\" data-settings=\"{&quot;motion_fx_motion_fx_scrolling&quot;:&quot;yes&quot;,&quot;motion_fx_devices&quot;:[&quot;desktop&quot;,&quot;tablet&quot;,&quot;mobile&quot;]}\">\n\t\t\t<div class=\"elementor-widget-wrap elementor-element-populated\">\n\t\t\t\t\t\t<div class=\"elementor-element elementor-element-a228675 elementor-nav-menu__align-center elementor-nav-menu--dropdown-none elementor-widget elementor-widget-nav-menu\" data-id=\"a228675\" data-element_type=\"widget\" data-settings=\"{&quot;submenu_icon&quot;:{&quot;value&quot;:&quot;&lt;i class=\\&quot;fas fa-chevron-down\\&quot;&gt;&lt;\\\/i&gt;&quot;,&quot;library&quot;:&quot;fa-solid&quot;},&quot;_animation&quot;:&quot;none&quot;,&quot;layout&quot;:&quot;horizontal&quot;}\" data-widget_type=\"nav-menu.default\">\n\t\t\t\t<div class=\"elementor-widget-container\">\n\t\t\t\t\t\t\t\t<nav aria-label=\"Menu\" class=\"elementor-nav-menu--main elementor-nav-menu__container elementor-nav-menu--layout-horizontal e--pointer-underline e--animation-none\">\n\t\t\t\t<ul id=\"menu-1-a228675\" class=\"elementor-nav-menu\"><li class=\"menu-item menu-item-type-post_type menu-item-object-page menu-item-9649\"><a href=\"https:\/\/asiaglobal.kr\/?page_id=9514&#038;lang=vi\" class=\"elementor-item menu-link\">D\u1ecbch thu\u1eadt<\/a><\/li>\n<li class=\"menu-item menu-item-type-post_type menu-item-object-page menu-item-9650\"><a href=\"https:\/\/asiaglobal.kr\/?page_id=9516&#038;lang=vi\" class=\"elementor-item menu-link\">visa<\/a><\/li>\n<li class=\"menu-item menu-item-type-post_type menu-item-object-page menu-item-9651\"><a href=\"https:\/\/asiaglobal.kr\/?page_id=9599&#038;lang=vi\" class=\"elementor-item menu-link\">Du h\u1ecdc<\/a><\/li>\n<li class=\"menu-item menu-item-type-post_type menu-item-object-page menu-item-9652\"><a href=\"https:\/\/asiaglobal.kr\/?page_id=9592&#038;lang=vi\" class=\"elementor-item menu-link\">H\u00f4n nh\u00e2n qu\u1ed1c t\u1ebf<\/a><\/li>\n<li class=\"menu-item menu-item-type-post_type menu-item-object-page menu-item-9653\"><a href=\"https:\/\/asiaglobal.kr\/?page_id=9564&#038;lang=vi\" class=\"elementor-item menu-link\">Lao \u0111\u1ed9ng th\u1eddi v\u1ee5<\/a><\/li>\n<li class=\"menu-item menu-item-type-post_type menu-item-object-page menu-item-9654\"><a href=\"https:\/\/asiaglobal.kr\/?page_id=9604&#038;lang=vi\" class=\"elementor-item menu-link\">Gi\u1edbi thi\u1ec7u vi\u1ec7c l\u00e0m<\/a><\/li>\n<li class=\"menu-item menu-item-type-post_type menu-item-object-page menu-item-9655\"><a href=\"https:\/\/asiaglobal.kr\/?page_id=9605&#038;lang=vi\" class=\"elementor-item menu-link\">Ti\u1ec1n l\u01b0\u01a1ng ch\u01b0a thanh to\u00e1n<\/a><\/li>\n<\/ul>\t\t\t<\/nav>\n\t\t\t\t\t\t<nav class=\"elementor-nav-menu--dropdown elementor-nav-menu__container\" aria-hidden=\"true\">\n\t\t\t\t<ul id=\"menu-2-a228675\" class=\"elementor-nav-menu\"><li class=\"menu-item menu-item-type-post_type menu-item-object-page menu-item-9649\"><a href=\"https:\/\/asiaglobal.kr\/?page_id=9514&#038;lang=vi\" class=\"elementor-item menu-link\" tabindex=\"-1\">D\u1ecbch thu\u1eadt<\/a><\/li>\n<li class=\"menu-item menu-item-type-post_type menu-item-object-page menu-item-9650\"><a href=\"https:\/\/asiaglobal.kr\/?page_id=9516&#038;lang=vi\" class=\"elementor-item menu-link\" tabindex=\"-1\">visa<\/a><\/li>\n<li class=\"menu-item menu-item-type-post_type menu-item-object-page menu-item-9651\"><a href=\"https:\/\/asiaglobal.kr\/?page_id=9599&#038;lang=vi\" class=\"elementor-item menu-link\" tabindex=\"-1\">Du h\u1ecdc<\/a><\/li>\n<li class=\"menu-item menu-item-type-post_type menu-item-object-page menu-item-9652\"><a href=\"https:\/\/asiaglobal.kr\/?page_id=9592&#038;lang=vi\" class=\"elementor-item menu-link\" tabindex=\"-1\">H\u00f4n nh\u00e2n qu\u1ed1c t\u1ebf<\/a><\/li>\n<li class=\"menu-item menu-item-type-post_type menu-item-object-page menu-item-9653\"><a href=\"https:\/\/asiaglobal.kr\/?page_id=9564&#038;lang=vi\" class=\"elementor-item menu-link\" tabindex=\"-1\">Lao \u0111\u1ed9ng th\u1eddi v\u1ee5<\/a><\/li>\n<li class=\"menu-item menu-item-type-post_type menu-item-object-page menu-item-9654\"><a href=\"https:\/\/asiaglobal.kr\/?page_id=9604&#038;lang=vi\" class=\"elementor-item menu-link\" tabindex=\"-1\">Gi\u1edbi thi\u1ec7u vi\u1ec7c l\u00e0m<\/a><\/li>\n<li class=\"menu-item menu-item-type-post_type menu-item-object-page menu-item-9655\"><a href=\"https:\/\/asiaglobal.kr\/?page_id=9605&#038;lang=vi\" class=\"elementor-item menu-link\" tabindex=\"-1\">Ti\u1ec1n l\u01b0\u01a1ng ch\u01b0a thanh to\u00e1n<\/a><\/li>\n<\/ul>\t\t\t<\/nav>\n\t\t\t\t\t\t<\/div>\n\t\t\t\t<\/div>\n\t\t\t\t\t<\/div>\n\t\t<\/div>\n\t\t\t\t\t<\/div>\n\t\t<\/section>\n\t\t\t\t<section class=\"elementor-section elementor-top-section elementor-element elementor-element-8183aed elementor-section-boxed elementor-section-height-default elementor-section-height-default\" data-id=\"8183aed\" data-element_type=\"section\">\n\t\t\t\t\t\t<div class=\"elementor-container elementor-column-gap-default\">\n\t\t\t\t\t<div class=\"elementor-column elementor-col-100 elementor-top-column elementor-element elementor-element-644a1c8\" data-id=\"644a1c8\" data-element_type=\"column\">\n\t\t\t<div class=\"elementor-widget-wrap elementor-element-populated\">\n\t\t\t\t\t\t<div class=\"elementor-element elementor-element-bb58fdd elementor-widget elementor-widget-image\" data-id=\"bb58fdd\" data-element_type=\"widget\" data-widget_type=\"image.default\">\n\t\t\t\t<div class=\"elementor-widget-container\">\n\t\t\t\t\t\t\t\t\t\t\t\t\t\t\t<img fetchpriority=\"high\" decoding=\"async\" width=\"1920\" height=\"400\" src=\"https:\/\/asiaglobal.kr\/wp-content\/uploads\/2025\/10\/\uc5c5\ubb34-\uc720\ud559-Vi.jpg\" class=\"attachment-full size-full wp-image-10021\" alt=\"\" srcset=\"https:\/\/asiaglobal.kr\/wp-content\/uploads\/2025\/10\/\uc5c5\ubb34-\uc720\ud559-Vi.jpg 1920w, https:\/\/asiaglobal.kr\/wp-content\/uploads\/2025\/10\/\uc5c5\ubb34-\uc720\ud559-Vi-300x63.jpg 300w, https:\/\/asiaglobal.kr\/wp-content\/uploads\/2025\/10\/\uc5c5\ubb34-\uc720\ud559-Vi-1024x213.jpg 1024w, https:\/\/asiaglobal.kr\/wp-content\/uploads\/2025\/10\/\uc5c5\ubb34-\uc720\ud559-Vi-768x160.jpg 768w, https:\/\/asiaglobal.kr\/wp-content\/uploads\/2025\/10\/\uc5c5\ubb34-\uc720\ud559-Vi-1536x320.jpg 1536w\" sizes=\"(max-width: 1920px) 100vw, 1920px\" \/>\t\t\t\t\t\t\t\t\t\t\t\t\t\t\t<\/div>\n\t\t\t\t<\/div>\n\t\t\t\t\t<\/div>\n\t\t<\/div>\n\t\t\t\t\t<\/div>\n\t\t<\/section>\n\t\t\t\t<section class=\"elementor-section elementor-top-section elementor-element elementor-element-f3ecefb elementor-section-boxed elementor-section-height-default elementor-section-height-default\" data-id=\"f3ecefb\" data-element_type=\"section\">\n\t\t\t\t\t\t<div class=\"elementor-container elementor-column-gap-default\">\n\t\t\t\t\t<div class=\"elementor-column elementor-col-100 elementor-top-column elementor-element elementor-element-537dfbc\" data-id=\"537dfbc\" data-element_type=\"column\">\n\t\t\t<div class=\"elementor-widget-wrap elementor-element-populated\">\n\t\t\t\t\t\t<div class=\"elementor-element elementor-element-3f2b0b8 text00 elementor-widget elementor-widget-heading\" data-id=\"3f2b0b8\" data-element_type=\"widget\" data-widget_type=\"heading.default\">\n\t\t\t\t<div class=\"elementor-widget-container\">\n\t\t\t\t\t<h1 class=\"elementor-heading-title elementor-size-medium\">Visa du h\u1ecdc v\u00e0 kh\u00f3a h\u1ecdc th\u00f4ng th\u01b0\u1eddng D-2, D-4<\/h1>\t\t\t\t<\/div>\n\t\t\t\t<\/div>\n\t\t\t\t<div class=\"elementor-element elementor-element-b8959d9 elementor-widget elementor-widget-tablepress-table\" data-id=\"b8959d9\" data-element_type=\"widget\" data-widget_type=\"tablepress-table.default\">\n\t\t\t\t\t\n<table id=\"tablepress-45\" class=\"tablepress tablepress-id-45 tbody-has-connected-cells\">\n<thead>\n<tr class=\"row-1\">\n\t<th class=\"column-1\">Vi\u1ebft t\u1eaft<\/th><th class=\"column-2\">Vi\u1ebft t\u1eaft<\/th><th class=\"column-3\">\u0110\u1ed1i t\u01b0\u1ee3ng<\/th>\n<\/tr>\n<\/thead>\n<tbody class=\"row-striping row-hover\">\n<tr class=\"row-2\">\n\t<td rowspan=\"8\" class=\"column-1\"><br><br><br><br><br><br>Ch\u01b0\u01a1ng tr\u00ecnh c\u1ea5p b\u1eb1ng(D-2)<\/td><td class=\"column-2\">D-2-1<\/td><td class=\"column-3\">Ch\u01b0\u01a1ng tr\u00ecnh cao \u0111\u1eb3ng chuy\u00ean m\u00f4n<\/td>\n<\/tr>\n<tr class=\"row-3\">\n\t<td class=\"column-2\">D-2-2<\/td><td class=\"column-3\">Ch\u01b0\u01a1ng tr\u00ecnh c\u1eed nh\u00e2n<\/td>\n<\/tr>\n<tr class=\"row-4\">\n\t<td class=\"column-2\">D-2-3<\/td><td class=\"column-3\">Ch\u01b0\u01a1ng tr\u00ecnh th\u1ea1c s\u0129<\/td>\n<\/tr>\n<tr class=\"row-5\">\n\t<td class=\"column-2\">D-2-4<\/td><td class=\"column-3\">Ch\u01b0\u01a1ng tr\u00ecnh ti\u1ebfn s\u0129<\/td>\n<\/tr>\n<tr class=\"row-6\">\n\t<td class=\"column-2\">D-2-5<\/td><td class=\"column-3\">Ch\u01b0\u01a1ng tr\u00ecnh nghi\u00ean c\u1ee9u<\/td>\n<\/tr>\n<tr class=\"row-7\">\n\t<td class=\"column-2\">D-2-6<\/td><td class=\"column-3\">Sinh vi\u00ean trao \u0111\u1ed5i<\/td>\n<\/tr>\n<tr class=\"row-8\">\n\t<td class=\"column-2\">D-2-7<\/td><td class=\"column-3\">Du h\u1ecdc k\u1ebft h\u1ee3p l\u00e0m vi\u1ec7c \u2013 h\u1ecdc t\u1eadp<\/td>\n<\/tr>\n<tr class=\"row-9\">\n\t<td class=\"column-2\">D-2-8<\/td><td class=\"column-3\">Sinh vi\u00ean tham quan\/kh\u00f3a ng\u1eafn h\u1ea1n<\/td>\n<\/tr>\n<tr class=\"row-10\">\n\t<td rowspan=\"2\" class=\"column-1\"><br>Kh\u00f3a h\u1ecdc ng\u00f4n ng\u1eef(D-4)<\/td><td class=\"column-2\">D-4-1<\/td><td class=\"column-3\">H\u1ecdc ti\u1ebfng H\u00e0n<\/td>\n<\/tr>\n<tr class=\"row-11\">\n\t<td class=\"column-2\">D-4-7<\/td><td class=\"column-3\">H\u1ecdc ngo\u1ea1i ng\u1eef<\/td>\n<\/tr>\n<\/tbody>\n<\/table>\n\t\t\t\t<\/div>\n\t\t\t\t\t<\/div>\n\t\t<\/div>\n\t\t\t\t\t<\/div>\n\t\t<\/section>\n\t\t\t\t<section class=\"elementor-section elementor-top-section elementor-element elementor-element-91c93f5 elementor-section-boxed elementor-section-height-default elementor-section-height-default\" data-id=\"91c93f5\" data-element_type=\"section\">\n\t\t\t\t\t\t<div class=\"elementor-container elementor-column-gap-default\">\n\t\t\t\t\t<div class=\"elementor-column elementor-col-50 elementor-top-column elementor-element elementor-element-36142d5\" data-id=\"36142d5\" data-element_type=\"column\">\n\t\t\t<div class=\"elementor-widget-wrap elementor-element-populated\">\n\t\t\t\t\t\t<div class=\"elementor-element elementor-element-e393733 elementor-widget elementor-widget-image\" data-id=\"e393733\" data-element_type=\"widget\" data-widget_type=\"image.default\">\n\t\t\t\t<div class=\"elementor-widget-container\">\n\t\t\t\t\t\t\t\t\t\t\t\t\t\t\t<img decoding=\"async\" width=\"576\" height=\"1024\" src=\"https:\/\/asiaglobal.kr\/wp-content\/uploads\/2025\/09\/graduation-2308406_1920-576x1024.jpg\" class=\"attachment-large size-large wp-image-8888\" alt=\"\" srcset=\"https:\/\/asiaglobal.kr\/wp-content\/uploads\/2025\/09\/graduation-2308406_1920-576x1024.jpg 576w, https:\/\/asiaglobal.kr\/wp-content\/uploads\/2025\/09\/graduation-2308406_1920-169x300.jpg 169w, https:\/\/asiaglobal.kr\/wp-content\/uploads\/2025\/09\/graduation-2308406_1920-768x1365.jpg 768w, https:\/\/asiaglobal.kr\/wp-content\/uploads\/2025\/09\/graduation-2308406_1920-864x1536.jpg 864w, https:\/\/asiaglobal.kr\/wp-content\/uploads\/2025\/09\/graduation-2308406_1920.jpg 1080w\" sizes=\"(max-width: 576px) 100vw, 576px\" \/>\t\t\t\t\t\t\t\t\t\t\t\t\t\t\t<\/div>\n\t\t\t\t<\/div>\n\t\t\t\t\t<\/div>\n\t\t<\/div>\n\t\t\t\t<div class=\"elementor-column elementor-col-50 elementor-top-column elementor-element elementor-element-926da99\" data-id=\"926da99\" data-element_type=\"column\">\n\t\t\t<div class=\"elementor-widget-wrap elementor-element-populated\">\n\t\t\t\t\t\t<div class=\"elementor-element elementor-element-a684a87 text00 elementor-widget elementor-widget-heading\" data-id=\"a684a87\" data-element_type=\"widget\" data-widget_type=\"heading.default\">\n\t\t\t\t<div class=\"elementor-widget-container\">\n\t\t\t\t\t<h1 class=\"elementor-heading-title elementor-size-medium\">H\u1ed3 s\u01a1 c\u1ea7n thi\u1ebft cho visa h\u1ecdc ti\u1ebfng H\u00e0n (D-4) \/ du h\u1ecdc (D-2):\n<\/h1>\t\t\t\t<\/div>\n\t\t\t\t<\/div>\n\t\t\t\t<div class=\"elementor-element elementor-element-e709bf6 elementor-widget elementor-widget-text-editor\" data-id=\"e709bf6\" data-element_type=\"widget\" data-widget_type=\"text-editor.default\">\n\t\t\t\t<div class=\"elementor-widget-container\">\n\t\t\t\t\t\t\t\t\t<ol><li>C\u00e1c t\u00e0i li\u1ec7u do ch\u00ednh ph\u1ee7 Vi\u1ec7t Nam ho\u1eb7c n\u01b0\u1edbc th\u1ee9 ba c\u1ea5p ph\u1ea3i \u0111\u01b0\u1ee3c c\u00f4ng ch\u1ee9ng d\u1ecbch sang ti\u1ebfng H\u00e0n ho\u1eb7c ti\u1ebfng Anh (ch\u1ea5p nh\u1eadn b\u1ea3n c\u00f4ng ch\u1ee9ng trong v\u00f2ng 3 th\u00e1ng g\u1ea7n nh\u1ea5t). <strong data-start=\"239\" data-end=\"247\">Tr\u1eeb:<\/strong> gi\u1ea5y ch\u1ee9ng nh\u1eadn \u0111\u0103ng k\u00fd kinh doanh, ch\u1ee9ng nh\u1eadn ti\u00eau chu\u1ea9n thu\u1ebf VAT, th\u1ebb c\u0103n c\u01b0\u1edbc, CTO7, CT08 c\u1ea5p online t\u1ea1i Vi\u1ec7t Nam.<\/li><li>C\u00e1c gi\u1ea5y t\u1edd c\u1ea7n n\u1ed9p b\u1ea3n sao nh\u01b0 gi\u1ea5y t\u1edd t\u00f9y th\u00e2n (th\u1ebb sinh vi\u00ean\u2026), s\u1ed5 ng\u00e2n h\u00e0ng, th\u1ebb ng\u00e2n h\u00e0ng ph\u1ea3i n\u1ed9p b\u1ea3n sao nh\u01b0ng ph\u1ea3i mang theo b\u1ea3n g\u1ed1c.<\/li><li><span style=\"font-size: 16px;\">Tr\u1ea1ng th\u00e1i c\u1ea5p visa, l\u00fd do t\u1eeb ch\u1ed1i c\u00f3 th\u1ec3 ki\u1ec3m tra t\u1ea1i C\u1ed5ng visa H\u00e0n Qu\u1ed1c (<\/span><a class=\"decorated-link\" style=\"font-size: 16px;\" href=\"http:\/\/www.visa.go.kr\/\" target=\"_new\" rel=\"noopener\" data-start=\"595\" data-end=\"609\">www.visa.go.kr<\/a><span style=\"font-size: 16px;\">) &gt; Tra c\u1ee9u ti\u1ebfn tr\u00ecnh; c\u00e1c th\u00f4ng tin kh\u00e1c kh\u00f4ng \u0111\u01b0\u1ee3c c\u00f4ng khai.<\/span><\/li><li><span style=\"font-size: 16px;\">Ng\u01b0\u1eddi n\u01b0\u1edbc ngo\u00e0i mang qu\u1ed1c t\u1ecbch n\u01b0\u1edbc th\u1ee9 ba ph\u1ea3i ch\u1ee9ng minh \u0111\u00e3 c\u01b0 tr\u00fa t\u1ea1i Vi\u1ec7t Nam tr\u00ean 2 n\u0103m ho\u1eb7c c\u00f3 t\u01b0 c\u00e1ch c\u01b0 tr\u00fa d\u00e0i h\u1ea1n tr\u00ean 2 n\u0103m m\u1edbi \u0111\u01b0\u1ee3c n\u1ed9p h\u1ed3 s\u01a1.<\/span><\/li><li><span style=\"font-size: 16px;\">B\u1ea3n sao t\u00e0i li\u1ec7u ch\u1ec9 \u0111\u01b0\u1ee3c sao m\u1ed9t m\u1eb7t, <\/span><strong style=\"font-size: 16px;\" data-start=\"881\" data-end=\"902\">kh\u00f4ng sao hai m\u1eb7t<\/strong><span style=\"font-size: 16px;\">, v\u00e0 ph\u1ea3i sao tr\u00ean gi\u1ea5y A4 (kh\u00f4ng c\u1eaft gi\u1ea5y).<\/span><\/li><li><span style=\"font-size: 16px;\">\u1ea2nh d\u00e1n v\u00e0o \u0111\u01a1n xin visa ph\u1ea3i l\u00e0 \u1ea3nh ch\u1ee5p trong v\u00f2ng 6 th\u00e1ng g\u1ea7n nh\u1ea5t.<\/span><\/li><li><span style=\"font-size: 16px;\">Tr\u01b0\u1eddng h\u1ee3p h\u1ed9 chi\u1ebfu Vi\u1ec7t Nam kh\u00f4ng c\u00f3 th\u00f4ng tin n\u01a1i sinh, c\u1ea7n x\u00e1c nh\u1eadn n\u01a1i sinh tr\u00ean h\u1ed9 chi\u1ebfu tr\u01b0\u1edbc khi n\u1ed9p h\u1ed3 s\u01a1 xin visa.<\/span><\/li><li><span style=\"font-size: 16px;\">\u0110\u1ed1i v\u1edbi D-4 (h\u1ecdc ti\u1ebfng H\u00e0n), d\u00f9 l\u00e0 tr\u01b0\u1eddng \u0111\u1ea1t ch\u1ee9ng nh\u1eadn xu\u1ea5t s\u1eafc hay kh\u00f4ng, v\u1eabn ph\u1ea3i n\u1ed9p h\u1ed3 s\u01a1 ch\u1ee9ng minh h\u1ecdc l\u1ef1c v\u00e0 kh\u1ea3 n\u0103ng t\u00e0i ch\u00ednh.<\/span><\/li><li><span style=\"font-size: 16px;\">Khi n\u1ed9p s\u1ed5 ti\u1ebft ki\u1ec7m b\u1eb1ng \u0111\u1ed3ng Vi\u1ec7t Nam, s\u1ed1 d\u01b0 s\u1ebd \u0111\u01b0\u1ee3c quy \u0111\u1ed5i theo t\u1ef7 gi\u00e1 t\u1ea1i ng\u00e0y n\u1ed9p h\u1ed3 s\u01a1; <\/span><strong style=\"font-size: 16px;\" data-start=\"1399\" data-end=\"1438\">kh\u00f4ng ch\u1ea5p nh\u1eadn s\u1ed5 \u0111\u00e3 chuy\u1ec3n nh\u01b0\u1ee3ng<\/strong><span style=\"font-size: 16px;\">.<\/span><\/li><li><span style=\"font-size: 16px;\">N\u1ebfu h\u1ed3 s\u01a1 thi\u1ebfu ho\u1eb7c kh\u00f4ng b\u1ed5 sung theo y\u00eau c\u1ea7u t\u1ea1i th\u1eddi \u0111i\u1ec3m n\u1ed9p, vi\u1ec7c c\u1ea5p visa c\u00f3 th\u1ec3 b\u1ecb t\u1eeb ch\u1ed1i.<\/span><\/li><\/ol><p>\u203b Th\u1eddi gian x\u00e9t duy\u1ec7t c\u00f3 th\u1ec3 k\u00e9o d\u00e0i do b\u1ed5 sung h\u1ed3 s\u01a1, ph\u1ecfng v\u1ea5n, ho\u1eb7c c\u00e1c l\u00fd do kh\u00e1c.<\/p>\t\t\t\t\t\t\t\t<\/div>\n\t\t\t\t<\/div>\n\t\t\t\t\t<\/div>\n\t\t<\/div>\n\t\t\t\t\t<\/div>\n\t\t<\/section>\n\t\t\t\t<section class=\"elementor-section elementor-top-section elementor-element elementor-element-72c1af8 elementor-section-boxed elementor-section-height-default elementor-section-height-default\" data-id=\"72c1af8\" data-element_type=\"section\">\n\t\t\t\t\t\t<div class=\"elementor-container elementor-column-gap-default\">\n\t\t\t\t\t<div class=\"elementor-column elementor-col-100 elementor-top-column elementor-element elementor-element-5063d2a\" data-id=\"5063d2a\" data-element_type=\"column\">\n\t\t\t<div class=\"elementor-widget-wrap elementor-element-populated\">\n\t\t\t\t\t\t<div class=\"elementor-element elementor-element-1e7cdba elementor-widget elementor-widget-spacer\" data-id=\"1e7cdba\" data-element_type=\"widget\" data-widget_type=\"spacer.default\">\n\t\t\t\t<div class=\"elementor-widget-container\">\n\t\t\t\t\t\t\t<div class=\"elementor-spacer\">\n\t\t\t<div class=\"elementor-spacer-inner\"><\/div>\n\t\t<\/div>\n\t\t\t\t\t\t<\/div>\n\t\t\t\t<\/div>\n\t\t\t\t\t<\/div>\n\t\t<\/div>\n\t\t\t\t\t<\/div>\n\t\t<\/section>\n\t\t\t\t<\/div>\n\t\t","protected":false},"excerpt":{"rendered":"<p>C\u00f4ng vi\u1ec7c Chia s\u1ebb s\u1ef1 ch\u00e2n th\u00e0nh v\u1edbi kh\u00e1ch h\u00e0ng v\u00e0 x\u00e2y d\u1ef1ng ni\u1ec1m tin. Visa du h\u1ecdc v\u00e0 kh\u00f3a [&hellip;]<\/p>\n","protected":false},"author":1,"featured_media":0,"parent":0,"menu_order":0,"comment_status":"closed","ping_status":"closed","template":"","meta":{"site-sidebar-layout":"no-sidebar","site-content-layout":"","ast-site-content-layout":"full-width-container","site-content-style":"default","site-sidebar-style":"default","ast-global-header-display":"","ast-banner-title-visibility":"","ast-main-header-display":"","ast-hfb-above-header-display":"","ast-hfb-below-header-display":"","ast-hfb-mobile-header-display":"","site-post-title":"disabled","ast-breadcrumbs-content":"","ast-featured-img":"disabled","footer-sml-layout":"","theme-transparent-header-meta":"","adv-header-id-meta":"","stick-header-meta":"","header-above-stick-meta":"","header-main-stick-meta":"","header-below-stick-meta":"","astra-migrate-meta-layouts":"default","ast-page-background-enabled":"default","ast-page-background-meta":{"desktop":{"background-color":"var(--ast-global-color-4)","background-image":"","background-repeat":"repeat","background-position":"center center","background-size":"auto","background-attachment":"scroll","background-type":"","background-media":"","overlay-type":"","overlay-color":"","overlay-opacity":"","overlay-gradient":""},"tablet":{"background-color":"","background-image":"","background-repeat":"repeat","background-position":"center center","background-size":"auto","background-attachment":"scroll","background-type":"","background-media":"","overlay-type":"","overlay-color":"","overlay-opacity":"","overlay-gradient":""},"mobile":{"background-color":"","background-image":"","background-repeat":"repeat","background-position":"center center","background-size":"auto","background-attachment":"scroll","background-type":"","background-media":"","overlay-type":"","overlay-color":"","overlay-opacity":"","overlay-gradient":""}},"ast-content-background-meta":{"desktop":{"background-color":"var(--ast-global-color-5)","background-image":"","background-repeat":"repeat","background-position":"center center","background-size":"auto","background-attachment":"scroll","background-type":"","background-media":"","overlay-type":"","overlay-color":"","overlay-opacity":"","overlay-gradient":""},"tablet":{"background-color":"var(--ast-global-color-5)","background-image":"","background-repeat":"repeat","background-position":"center center","background-size":"auto","background-attachment":"scroll","background-type":"","background-media":"","overlay-type":"","overlay-color":"","overlay-opacity":"","overlay-gradient":""},"mobile":{"background-color":"var(--ast-global-color-5)","background-image":"","background-repeat":"repeat","background-position":"center center","background-size":"auto","background-attachment":"scroll","background-type":"","background-media":"","overlay-type":"","overlay-color":"","overlay-opacity":"","overlay-gradient":""}},"footnotes":""},"class_list":["post-9599","page","type-page","status-publish","hentry"],"_links":{"self":[{"href":"https:\/\/asiaglobal.kr\/index.php?rest_route=\/wp\/v2\/pages\/9599","targetHints":{"allow":["GET"]}}],"collection":[{"href":"https:\/\/asiaglobal.kr\/index.php?rest_route=\/wp\/v2\/pages"}],"about":[{"href":"https:\/\/asiaglobal.kr\/index.php?rest_route=\/wp\/v2\/types\/page"}],"author":[{"embeddable":true,"href":"https:\/\/asiaglobal.kr\/index.php?rest_route=\/wp\/v2\/users\/1"}],"replies":[{"embeddable":true,"href":"https:\/\/asiaglobal.kr\/index.php?rest_route=%2Fwp%2Fv2%2Fcomments&post=9599"}],"version-history":[{"count":7,"href":"https:\/\/asiaglobal.kr\/index.php?rest_route=\/wp\/v2\/pages\/9599\/revisions"}],"predecessor-version":[{"id":10027,"href":"https:\/\/asiaglobal.kr\/index.php?rest_route=\/wp\/v2\/pages\/9599\/revisions\/10027"}],"wp:attachment":[{"href":"https:\/\/asiaglobal.kr\/index.php?rest_route=%2Fwp%2Fv2%2Fmedia&parent=9599"}],"curies":[{"name":"wp","href":"https:\/\/api.w.org\/{rel}","templated":true}]}}